{"id":3965,"date":"2019-06-06T10:47:32","date_gmt":"2019-06-06T08:47:32","guid":{"rendered":"https:\/\/stapis.com.pl\/?post_type=product&#038;p=3965"},"modified":"2025-02-12T15:48:37","modified_gmt":"2025-02-12T14:48:37","slug":"miniatury-poetyckie-czyli-rozwazania-przy-wieszaniu-prania-ireneusz-ruchniewicz","status":"publish","type":"product","link":"https:\/\/stapis.com.pl\/?product=miniatury-poetyckie-czyli-rozwazania-przy-wieszaniu-prania-ireneusz-ruchniewicz","title":{"rendered":"Miniatury poetyckie, czyli &#8220;Rozwa\u017cania przy wieszaniu prania&#8221; &#8211; Ireneusz Ruchniewicz"},"content":{"rendered":"<p>Poezja klasyczna, chwilami rubaszna, chwilami sentymentalna, o \u017cyciu, erotyce, pi\u0119knie i zach\u0142anno\u015bci, polityce i codzienno\u015bci. Poezja kontekstowa, parafrazuj\u0105ca, pe\u0142na odniesie\u0144, inspiracji i nawi\u0105za\u0144. To poezja, kt\u00f3ra tworzy si\u0119 niejako obok, towarzysz\u0105c nam przy ka\u017cdej czynno\u015bci, takiej jak tytu\u0142owe wieszanie prania, prowadzenie samochodu czy cho\u0107by patrzenie na deszcz za oknem\u2026<\/p>\n<p>O AUTORZE<\/p>\n<p>Ireneusz Ruchniewicz. Rocznik 1959. Absolwent Akademii Muzycznej w Gda\u0144sku (Wydzia\u0142 Wychowania Muzycznego) i Studium Podyplomowego (Wiedzy o Teatrze, Filmie i Telewizji) na Uniwersytecie Gda\u0144skim. Pracowa\u0142 w Teatrze Wybrze\u017ce w Gda\u0144sku i w Studium Aktorskim (przy tym teatrze) w charakterze muzyka, akompaniatora i nauczyciela muzyki. Ponadto w Szkole Muzycznej jak i w Studium Nauczycielskim w Elbl\u0105gu. Od lat mieszka w Niemczech. Po ponad 30-letniej przerwie powr\u00f3ci\u0142 do tw\u00f3rczo\u015bci, kt\u00f3r\u0105 zajmowa\u0142 si\u0119 w m\u0142odo\u015bci, a kt\u00f3r\u0105 porzuci\u0142 na studiach.<\/p>\n<p>ISBN: 978-83-7967-097-0<br \/>\nIlo\u015b\u0107 stron: 206<br \/>\nFormat: 146&#215;212 mm<br \/>\nOk\u0142adka: TWARDA<\/p>\n<p>Producent: Wydawnictwo Stapis Anna Pisarek, ul.\u00a0Floriana 2a, 40-288 Katowice, biuro@stapis.com.pl, tel.\u00a0605 963 179<\/p>\n","protected":false},"excerpt":{"rendered":"<p>Poezja klasyczna, chwilami rubaszna, chwilami sentymentalna, o \u017cyciu, erotyce, pi\u0119knie i zach\u0142anno\u015bci, polityce i codzienno\u015bci. Poezja kontekstowa, parafrazuj\u0105ca, pe\u0142na odniesie\u0144, inspiracji i nawi\u0105za\u0144. To poezja, kt\u00f3ra tworzy si\u0119 niejako obok, towarzysz\u0105c nam przy ka\u017cdej czynno\u015bci, takiej jak tytu\u0142owe wieszanie prania, prowadzenie samochodu czy cho\u0107by patrzenie na deszcz za oknem\u2026 O AUTORZE Ireneusz Ruchniewicz. Rocznik 1959.&hellip;<\/p>\n","protected":false},"featured_media":3966,"comment_status":"closed","ping_status":"closed","template":"","meta":{"_acf_changed":false},"product_brand":[],"product_cat":[1238,576],"product_tag":[621],"class_list":{"0":"post-3965","1":"product","2":"type-product","3":"status-publish","4":"has-post-thumbnail","6":"product_cat-inne","7":"product_cat-wszystkie","8":"product_tag-poezja","10":"first","11":"instock","12":"taxable","13":"shipping-taxable","14":"purchasable","15":"product-type-simple","17":"catalog-layout-default","18":"columns-xs-2"},"acf":[],"jetpack_sharing_enabled":true,"_links":{"self":[{"href":"https:\/\/stapis.com.pl\/index.php?rest_route=\/wp\/v2\/product\/3965","targetHints":{"allow":["GET"]}}],"collection":[{"href":"https:\/\/stapis.com.pl\/index.php?rest_route=\/wp\/v2\/product"}],"about":[{"href":"https:\/\/stapis.com.pl\/index.php?rest_route=\/wp\/v2\/types\/product"}],"replies":[{"embeddable":true,"href":"https:\/\/stapis.com.pl\/index.php?rest_route=%2Fwp%2Fv2%2Fcomments&post=3965"}],"wp:featuredmedia":[{"embeddable":true,"href":"https:\/\/stapis.com.pl\/index.php?rest_route=\/wp\/v2\/media\/3966"}],"wp:attachment":[{"href":"https:\/\/stapis.com.pl\/index.php?rest_route=%2Fwp%2Fv2%2Fmedia&parent=3965"}],"wp:term":[{"taxonomy":"product_brand","embeddable":true,"href":"https:\/\/stapis.com.pl\/index.php?rest_route=%2Fwp%2Fv2%2Fproduct_brand&post=3965"},{"taxonomy":"product_cat","embeddable":true,"href":"https:\/\/stapis.com.pl\/index.php?rest_route=%2Fwp%2Fv2%2Fproduct_cat&post=3965"},{"taxonomy":"product_tag","embeddable":true,"href":"https:\/\/stapis.com.pl\/index.php?rest_route=%2Fwp%2Fv2%2Fproduct_tag&post=3965"}],"curies":[{"name":"wp","href":"https:\/\/api.w.org\/{rel}","templated":true}]}}