{"id":3996,"date":"2019-06-18T10:51:20","date_gmt":"2019-06-18T08:51:20","guid":{"rendered":"https:\/\/stapis.com.pl\/?post_type=product&#038;p=3996"},"modified":"2026-03-16T10:32:32","modified_gmt":"2026-03-16T09:32:32","slug":"wlodek-rozni-autorzy","status":"publish","type":"product","link":"https:\/\/stapis.com.pl\/?product=wlodek-rozni-autorzy","title":{"rendered":"W\u0142odek &#8211; r\u00f3\u017cni autorzy"},"content":{"rendered":"","protected":false},"excerpt":{"rendered":"<p>Album po\u015bwi\u0119cony W\u0142adys\u0142awowi Cywi\u0144skiemu \u2013 jego pracy, zainteresowaniom, pasji, pogl\u0105dom. Obok zdj\u0119\u0107 topograficznych Tatr jego autorstwa (celowo nieopisanych, by\u00a0Czytelnik m\u00f3g\u0142 sprawdzi\u0107 swoj\u0105 wiedz\u0119), znajduj\u0105 si\u0119 fotografie samego W\u0142odka Cywi\u0144skiego oraz\u00a0ludzi, kt\u00f3rzy\u00a0w\u00a0ten czy\u00a0inny spos\u00f3b stanowili istotn\u0105 cz\u0119\u015b\u0107 Jego \u017cycia. W\u00a0albumie znalaz\u0142y si\u0119 r\u00f3wnie\u017c teksty jego przyjaci\u00f3\u0142 \u2013 anegdotyczne, sentymentalne, ciep\u0142e, kt\u00f3re przybli\u017caj\u0105 posta\u0107 Legendy Tatr tym, kt\u00f3rzy\u00a0nie\u00a0mieli szans jej pozna\u0107. Na\u00a0ko\u0144cu przytoczone zosta\u0142y cytaty z\u00a0Jego ksi\u0105\u017cek \u2013 te, kt\u00f3re najlepiej oddaj\u0105 nietuzinkowo\u015b\u0107 my\u015bli tego niezwyk\u0142ego cz\u0142owieka\u2026<\/p>\n<h4>ISBN: 978-83-7967-096-3<\/h4>\n<h4>Ilo\u015b\u0107 stron: 168<\/h4>\n<h4>Oprawa: twarda<\/h4>\n<p>Producent: Wydawnictwo Stapis, ul. Floriana 2a, 40-288 Katowice, biuro@stapis.com.pl, tel. 605 963 179<\/p>\n<p>Dzi\u0119kujemy Panu Maciejowi G\u0105sienicy, autorowi zdj\u0119cia W\u0142adys\u0142awa Cywi\u0144skiego wykorzystanego na ok\u0142adce albumu \u201eW\u0142odek\u201d, za udzielenie zgody na wykorzystanie tego zdj\u0119cia w naszym wydawnictwie.<\/p>\n","protected":false},"featured_media":3889,"comment_status":"closed","ping_status":"closed","template":"","meta":{"_acf_changed":false},"product_brand":[],"product_cat":[55,52,576],"product_tag":[49,35,641,255,82,629,38],"class_list":{"0":"post-3996","1":"product","2":"type-product","3":"status-publish","4":"has-post-thumbnail","6":"product_cat-biografie-i-wspomnienia","7":"product_cat-literatura-gorska-na-swiecie","8":"product_cat-wszystkie","9":"product_tag-album","10":"product_tag-biografia","11":"product_tag-historia-tatr","12":"product_tag-tatry","13":"product_tag-topografia","14":"product_tag-wladyslaw-cywinski","15":"product_tag-wspomnienia","17":"first","18":"outofstock","19":"taxable","20":"shipping-taxable","21":"purchasable","22":"product-type-simple","24":"catalog-layout-default","25":"columns-xs-2"},"acf":[],"jetpack_sharing_enabled":true,"_links":{"self":[{"href":"https:\/\/stapis.com.pl\/index.php?rest_route=\/wp\/v2\/product\/3996","targetHints":{"allow":["GET"]}}],"collection":[{"href":"https:\/\/stapis.com.pl\/index.php?rest_route=\/wp\/v2\/product"}],"about":[{"href":"https:\/\/stapis.com.pl\/index.php?rest_route=\/wp\/v2\/types\/product"}],"replies":[{"embeddable":true,"href":"https:\/\/stapis.com.pl\/index.php?rest_route=%2Fwp%2Fv2%2Fcomments&post=3996"}],"wp:featuredmedia":[{"embeddable":true,"href":"https:\/\/stapis.com.pl\/index.php?rest_route=\/wp\/v2\/media\/3889"}],"wp:attachment":[{"href":"https:\/\/stapis.com.pl\/index.php?rest_route=%2Fwp%2Fv2%2Fmedia&parent=3996"}],"wp:term":[{"taxonomy":"product_brand","embeddable":true,"href":"https:\/\/stapis.com.pl\/index.php?rest_route=%2Fwp%2Fv2%2Fproduct_brand&post=3996"},{"taxonomy":"product_cat","embeddable":true,"href":"https:\/\/stapis.com.pl\/index.php?rest_route=%2Fwp%2Fv2%2Fproduct_cat&post=3996"},{"taxonomy":"product_tag","embeddable":true,"href":"https:\/\/stapis.com.pl\/index.php?rest_route=%2Fwp%2Fv2%2Fproduct_tag&post=3996"}],"curies":[{"name":"wp","href":"https:\/\/api.w.org\/{rel}","templated":true}]}}