{"id":4020,"date":"2019-11-28T09:50:05","date_gmt":"2019-11-28T08:50:05","guid":{"rendered":"https:\/\/stapis.com.pl\/?post_type=product&#038;p=4020"},"modified":"2025-02-12T14:24:19","modified_gmt":"2025-02-12T13:24:19","slug":"tak-wymyslono-chrzescijanstwo-leo-zen-stapis","status":"publish","type":"product","link":"https:\/\/stapis.com.pl\/?product=tak-wymyslono-chrzescijanstwo-leo-zen-stapis","title":{"rendered":"Tak wymy\u015blono chrze\u015bcija\u0144stwo \u2013 Leo Zen"},"content":{"rendered":"<h3>Czy chrze\u015bcija\u0144stwo zosta\u0142o wymy\u015blone?<\/h3>\n<p>Kim naprawd\u0119 by\u0142 Chrystus? Z czym walczy chrze\u015bcija\u0144stwo? Jakie by\u0142y rzeczywiste pocz\u0105tki Ko\u015bcio\u0142a? Na te i inne trudne pytania znajdziecie odpowied\u017a w\u00a0 <em>Tak wymy\u015blono chrze\u015bcija\u0144stwo<\/em> w\u0142oskiego autora Leo Zena. Ksi\u0105\u017cka ma na celu wykazanie, i\u017c chrze\u015bcija\u0144stwo nie jest bynajmniej religi\u0105 objawion\u0105, lecz po prostu wymy\u015blon\u0105.<\/p>\n<p>Wed\u0142ug Autora Chrystus wcale nie by\u0142 Synem Boga, kt\u00f3ry z\u0142o\u017cy\u0142 swoje \u017cycie na krzy\u017cu w ofierze, by zbawi\u0107 ca\u0142\u0105 ludzko\u015b\u0107 tak, jak nam to zosta\u0142o przekazane w tekstach Ewangelii kanonicznych. Chrystus by\u0142 po prostu Mesjaszem, Jahwist\u0105, ukrzy\u017cowanym przez Rzymian w reakcji na zorganizowan\u0105 przez niego rewolt\u0119 zbrojn\u0105, kt\u00f3ra mia\u0142a obali\u0107 Cesarstwo&#8230;<\/p>\n<p>&nbsp;<\/p>\n<p><strong>Patroni medialni<\/strong><\/p>\n<p><img loading=\"lazy\" decoding=\"async\" class=\" wp-image-4024\" src=\"https:\/\/stapis.com.pl\/wp-content\/uploads\/2019\/07\/Logo_Fundacji-czerwone-298x300.jpg\" alt=\"\" width=\"91\" height=\"92\" srcset=\"https:\/\/stapis.com.pl\/wp-content\/uploads\/2019\/07\/Logo_Fundacji-czerwone-298x300.jpg 298w, https:\/\/stapis.com.pl\/wp-content\/uploads\/2019\/07\/Logo_Fundacji-czerwone-220x220.jpg 220w, https:\/\/stapis.com.pl\/wp-content\/uploads\/2019\/07\/Logo_Fundacji-czerwone-450x453.jpg 450w, https:\/\/stapis.com.pl\/wp-content\/uploads\/2019\/07\/Logo_Fundacji-czerwone-150x150.jpg 150w, https:\/\/stapis.com.pl\/wp-content\/uploads\/2019\/07\/Logo_Fundacji-czerwone-768x774.jpg 768w, https:\/\/stapis.com.pl\/wp-content\/uploads\/2019\/07\/Logo_Fundacji-czerwone-1017x1024.jpg 1017w, https:\/\/stapis.com.pl\/wp-content\/uploads\/2019\/07\/Logo_Fundacji-czerwone.jpg 1787w\" sizes=\"auto, (max-width: 91px) 100vw, 91px\" \/> \u00a0\u00a0\u00a0\u00a0 <img loading=\"lazy\" decoding=\"async\" class=\"alignnone wp-image-4025\" src=\"https:\/\/stapis.com.pl\/wp-content\/uploads\/2019\/07\/winietka.czerwona-300x75.jpg\" alt=\"\" width=\"236\" height=\"59\" srcset=\"https:\/\/stapis.com.pl\/wp-content\/uploads\/2019\/07\/winietka.czerwona-300x75.jpg 300w, https:\/\/stapis.com.pl\/wp-content\/uploads\/2019\/07\/winietka.czerwona-450x113.jpg 450w, https:\/\/stapis.com.pl\/wp-content\/uploads\/2019\/07\/winietka.czerwona-768x192.jpg 768w, https:\/\/stapis.com.pl\/wp-content\/uploads\/2019\/07\/winietka.czerwona-1024x256.jpg 1024w\" sizes=\"auto, (max-width: 236px) 100vw, 236px\" \/> \u00a0\u00a0\u00a0\u00a0\u00a0 <a href=\"http:\/\/www.listyznaszegosadu.pl\/\"><img loading=\"lazy\" decoding=\"async\" class=\"alignnone wp-image-4026\" src=\"https:\/\/stapis.com.pl\/wp-content\/uploads\/2019\/07\/Logo-Listy-z-naszego-sadu-300x117.jpg\" alt=\"\" width=\"197\" height=\"77\" srcset=\"https:\/\/stapis.com.pl\/wp-content\/uploads\/2019\/07\/Logo-Listy-z-naszego-sadu-300x117.jpg 300w, https:\/\/stapis.com.pl\/wp-content\/uploads\/2019\/07\/Logo-Listy-z-naszego-sadu-450x175.jpg 450w, https:\/\/stapis.com.pl\/wp-content\/uploads\/2019\/07\/Logo-Listy-z-naszego-sadu.jpg 566w\" sizes=\"auto, (max-width: 197px) 100vw, 197px\" \/><\/a><\/p>\n<p>&nbsp;<\/p>\n<p>&nbsp;<\/p>\n<p>&nbsp;<\/p>\n<p>&nbsp;<\/p>\n","protected":false},"excerpt":{"rendered":"<p>&nbsp;<\/p>\n<p>&nbsp;<\/p>\n<p>Przek\u0142ad: Beata Bady\u0144ska<br \/>\nISBN: 978-83-7967-064-2<br \/>\nIlo\u015b\u0107 stron: 320<br \/>\nFormat: 160 x 235 mm<br \/>\nOk\u0142adka: mi\u0119kka ze skrzyde\u0142kami<br \/>\nRok wydania: 2018<\/p>\n<p>Producent: Wydawnictwo Stapis Anna Pisarek, ul. Floriana 2a, 40-288 Katowice, biuro@stapis.com.pl, tel. 605 963 179<\/p>\n<p><a href=\"https:\/\/www.stapis.com.pl\/?product_cat=religie-swiata\"><img loading=\"lazy\" decoding=\"async\" class=\"wp-image-1014649 alignleft\" src=\"https:\/\/www.stapis.com.pl\/wp-content\/uploads\/2019\/11\/logo-bez-bog\u00f3w-1-300x202.jpg\" alt=\"\" width=\"156\" height=\"105\" srcset=\"https:\/\/stapis.com.pl\/wp-content\/uploads\/2019\/11\/logo-bez-bog\u00f3w-1-300x202.jpg 300w, https:\/\/stapis.com.pl\/wp-content\/uploads\/2019\/11\/logo-bez-bog\u00f3w-1-450x302.jpg 450w, https:\/\/stapis.com.pl\/wp-content\/uploads\/2019\/11\/logo-bez-bog\u00f3w-1.jpg 506w\" sizes=\"auto, (max-width: 156px) 100vw, 156px\" \/><\/a><\/p>\n<p><em>W serii BEZ BOG\u00d3W wydajemy ksi\u0105\u017cki, kt\u00f3rych autorzy analizuj\u0105c religi\u0119, zwi\u0105zane z nimi instytucje oraz wp\u0142yw, jaki \u015bwiatopogl\u0105d oparty na wierze odciska na \u017cyciu spo\u0142ecznym, prezentuj\u0105 swoje pogl\u0105dy w \u015bwietle fakt\u00f3w historycznych, socjologicznych czy fizycznych, nierzadko si\u0119gaj\u0105c po narz\u0119dzia z dziedziny filozofii, logiki i matematyki.<\/em><\/p>\n","protected":false},"featured_media":4021,"comment_status":"closed","ping_status":"closed","template":"","meta":{"_acf_changed":false},"product_brand":[],"product_cat":[359,576],"product_tag":[354,524,632,631,355,633],"class_list":{"0":"post-4020","1":"product","2":"type-product","3":"status-publish","4":"has-post-thumbnail","6":"product_cat-bez-bogow","7":"product_cat-wszystkie","8":"product_tag-ateizm","9":"product_tag-chrzescijanstwo","10":"product_tag-jezus","11":"product_tag-krytyka-religii","12":"product_tag-religia","13":"product_tag-watykan","15":"first","16":"instock","17":"taxable","18":"shipping-taxable","19":"purchasable","20":"product-type-simple","22":"catalog-layout-default","23":"columns-xs-2"},"acf":[],"jetpack_sharing_enabled":true,"_links":{"self":[{"href":"https:\/\/stapis.com.pl\/index.php?rest_route=\/wp\/v2\/product\/4020","targetHints":{"allow":["GET"]}}],"collection":[{"href":"https:\/\/stapis.com.pl\/index.php?rest_route=\/wp\/v2\/product"}],"about":[{"href":"https:\/\/stapis.com.pl\/index.php?rest_route=\/wp\/v2\/types\/product"}],"replies":[{"embeddable":true,"href":"https:\/\/stapis.com.pl\/index.php?rest_route=%2Fwp%2Fv2%2Fcomments&post=4020"}],"wp:featuredmedia":[{"embeddable":true,"href":"https:\/\/stapis.com.pl\/index.php?rest_route=\/wp\/v2\/media\/4021"}],"wp:attachment":[{"href":"https:\/\/stapis.com.pl\/index.php?rest_route=%2Fwp%2Fv2%2Fmedia&parent=4020"}],"wp:term":[{"taxonomy":"product_brand","embeddable":true,"href":"https:\/\/stapis.com.pl\/index.php?rest_route=%2Fwp%2Fv2%2Fproduct_brand&post=4020"},{"taxonomy":"product_cat","embeddable":true,"href":"https:\/\/stapis.com.pl\/index.php?rest_route=%2Fwp%2Fv2%2Fproduct_cat&post=4020"},{"taxonomy":"product_tag","embeddable":true,"href":"https:\/\/stapis.com.pl\/index.php?rest_route=%2Fwp%2Fv2%2Fproduct_tag&post=4020"}],"curies":[{"name":"wp","href":"https:\/\/api.w.org\/{rel}","templated":true}]}}