{"id":411,"date":"2015-10-20T10:13:16","date_gmt":"2015-10-20T08:13:16","guid":{"rendered":"http:\/\/stapis.com.pl\/?post_type=product&#038;p=411"},"modified":"2025-02-12T15:14:53","modified_gmt":"2025-02-12T14:14:53","slug":"cmentarz-symboliczny-pod-osterwa-hubert-jarzebowski","status":"publish","type":"product","link":"https:\/\/stapis.com.pl\/?product=cmentarz-symboliczny-pod-osterwa-hubert-jarzebowski","title":{"rendered":"Cmentarz Symboliczny pod Osterw\u0105. Duchy miejsca \u2013 Hubert Jarz\u0119bowski"},"content":{"rendered":"<p>Cmentarz Symboliczny pod Osterw\u0105 w Tatrach Wysokich jest miejscem, w kt\u00f3rym upami\u0119tnieni s\u0105 taternicy, alpini\u015bci, ratownicy, przewodnicy, poeci, malarze, kompozytorzy, a\u00a0tak\u017ce \u201ezwykli\u201d tury\u015bci, kt\u00f3rzy stracili \u017cycie w ukochanych g\u00f3rach\u2026<\/p>\n<p><span id=\"more-259\"><\/span> Hubert Jarz\u0119bowski w ksi\u0105\u017cce \u201eCmentarz Symboliczny pod Osterw\u0105. Duchy miejsca\u201d proponuje literack\u0105 i historyczn\u0105 w\u0119dr\u00f3wk\u0119 po tym wyj\u0105tkowym miejscu w poszukiwaniu jego ducha. Z ksi\u0105\u017cki wy\u0142ania si\u0119 Cmentarz pod Osterw\u0105, b\u0119d\u0105cy zarazem swoistym symbolem Europy \u015arodkowej XX wieku, artystycznym dzie\u0142em ma\u0142\u017ce\u0144stwa \u0160t\u00e1fl\u00f3w, jak i\u00a0ostrze\u017ceniem i miejscem zadumy nad \u201eg\u00f3rsk\u0105\u201d \u015bmierci\u0105. Jednocze\u015bnie jednak pozostaje on wyj\u0105tkowym pomnikiem pasji oraz pi\u0119knego \u017cycia.<\/p>\n<p>&nbsp;<\/p>\n<p>PATRONAT MEDIALNY<\/p>\n<p><a href=\"http:\/\/stapis.com.pl\/wp-content\/uploads\/2016\/10\/taternik-logo-1.png\"><img loading=\"lazy\" decoding=\"async\" class=\"wp-image-414 alignleft\" src=\"http:\/\/stapis.com.pl\/wp-content\/uploads\/2016\/10\/taternik-logo-1-300x92.png\" alt=\"taternik-logo\" width=\"209\" height=\"64\" srcset=\"https:\/\/stapis.com.pl\/wp-content\/uploads\/2016\/10\/taternik-logo-1-300x92.png 300w, https:\/\/stapis.com.pl\/wp-content\/uploads\/2016\/10\/taternik-logo-1-450x138.png 450w, https:\/\/stapis.com.pl\/wp-content\/uploads\/2016\/10\/taternik-logo-1.png 500w\" sizes=\"auto, (max-width: 209px) 100vw, 209px\" \/><\/a><\/p>\n<p>&nbsp;<\/p>\n<p>&nbsp;<\/p>\n<hr \/>\n<p><em> W Tatrach \u017cy\u0142o i nadal \u017cyje wiele duch\u00f3w, zar\u00f3wno tych opieku\u0144czych, jak i z\u0142o\u015bliwych. Duch milcz\u0105cego mnicha wy\u0142aniaj\u0105cy si\u0119 z mg\u0142y gdzie\u015b niedaleko Wr\u00f3t Cha\u0142ubi\u0144skiego, p\u0142anetnik mieszkaj\u0105cy w Jaskini Wodnej pod Pisan\u0105, zsy\u0142aj\u0105cy burz\u0119, gdy jego spok\u00f3j zak\u0142\u00f3ci w\u015bcibski turysta (pierwszym by\u0142 Seweryn Goszczy\u0144ski) lub zakl\u0119te wojsko \u015bpi\u0105ce pod Giewontem. W\u00a0XX wieku duchami miejsca stawali si\u0119 r\u00f3wnie\u017c tragicznie zmarli taternicy. Ka\u017cdy przecie\u017c wie, \u017ce nieopodal \u017babich Staw\u00f3w s\u0142ycha\u0107 kuj\u0105cego haki Wachtera, w Dolince Pustej spotka\u0107 mo\u017cna Bronikowskiego, a\u00a0biwakuj\u0105cy pod \u015bcian\u0105 Zamar\u0142ej Turni budz\u0105 si\u0119 z poduszk\u0105 mchu pod g\u0142ow\u0105 \u2013 prezentem od troskliwych si\u00f3str Skotnic\u00f3wien<\/em>. (fragment)<\/p>\n<hr \/>\n<p><a href=\"http:\/\/stapis.com.pl\/wp-content\/uploads\/2016\/10\/Hubert.jpg\"><img loading=\"lazy\" decoding=\"async\" class=\"size-medium wp-image-416 alignleft\" src=\"http:\/\/stapis.com.pl\/wp-content\/uploads\/2016\/10\/Hubert-300x200.jpg\" alt=\"hubert\" width=\"300\" height=\"200\" srcset=\"https:\/\/stapis.com.pl\/wp-content\/uploads\/2016\/10\/Hubert-300x200.jpg 300w, https:\/\/stapis.com.pl\/wp-content\/uploads\/2016\/10\/Hubert-450x300.jpg 450w, https:\/\/stapis.com.pl\/wp-content\/uploads\/2016\/10\/Hubert-768x513.jpg 768w, https:\/\/stapis.com.pl\/wp-content\/uploads\/2016\/10\/Hubert-1024x684.jpg 1024w, https:\/\/stapis.com.pl\/wp-content\/uploads\/2016\/10\/Hubert.jpg 1600w\" sizes=\"auto, (max-width: 300px) 100vw, 300px\" \/><\/a><\/p>\n<p>Hubert Jarz\u0119bowski (ur. w 1988 roku w Zakopanem) jest przewodnikiem tatrza\u0144skim i magistrem komparatystyki oraz filologii s\u0142owia\u0144skiej, kt\u00f3re studiowa\u0142 na Uniwersytecie Jagiello\u0144skim. Zajmuje si\u0119 zagadnieniami zwi\u0105zanymi z do\u015bwiadczeniem g\u00f3r, podr\u00f3\u017c\u0105 po prawdziwych i zmy\u015blonych krainach oraz literatur\u0105 autobiograficzn\u0105. Jest autorem powie\u015bci <em>Carolus Victor <\/em>(Stapis) inspirowanej \u017cyciem Karola Englischa \u2013 wielkiego taternika i szpiega, a tak\u017ce szeregu innych opowiada\u0144, t\u0142umacze\u0144 i artyku\u0142\u00f3w. Publikowa\u0142 w czasopismach \u201eG\u00f3ry\u201d, \u201eTaternik\u201d, \u201eTatry TPN\u201d, \u201eHorolezec\u201d, \u201eG\u00f3ry \u2013 Literatura \u2013 Kultura\u201d, \u201eStudia Litteraria\u201di innych.Pierwsz\u0105 powie\u015b\u0107 \u2013 western o walkach Indian z kowbojami \u2013 napisa\u0142 pod wp\u0142ywem lektury Winnetou w wieku 7 lat. Pami\u0119ta z niej tylko jedno zdanie: \u201eGi\u0144 psie!\u201d, oraz wykonane kredkami \u015bwiecowymi ilustracje Indian strzelaj\u0105cych do kowboj\u00f3w. Kibicowa\u0142 Indianom, bo mieszkali w g\u00f3rach i nosili d\u0142ugie w\u0142osy.<\/p>\n","protected":false},"excerpt":{"rendered":"<p>&nbsp;<\/p>\n<p>&nbsp;<\/p>\n<p>&nbsp;<\/p>\n<ul>\n<li>ISBN: 978-83-7967-040-6<\/li>\n<li>Format: 195 x 125<\/li>\n<li>Ok\u0142adka: mi\u0119kka ze skrzyde\u0142kami<\/li>\n<li>Stron: 136<\/li>\n<li>Rok wydania: 2016<\/li>\n<li>Producent: Wydawnictwo Stapis Anna Pisarek, ul. Floriana 2a, 40-288 Katowice, biuro@stapis.com.pl, tel. 605 963 179<\/li>\n<\/ul>\n<p><strong>\u00a0<\/strong><\/p>\n<p>&nbsp;<\/p>\n","protected":false},"featured_media":504,"comment_status":"closed","ping_status":"closed","template":"","meta":{"_acf_changed":false},"product_brand":[],"product_cat":[52,576],"product_tag":[39,40,31,32,41],"class_list":{"0":"post-411","1":"product","2":"type-product","3":"status-publish","4":"has-post-thumbnail","6":"product_cat-literatura-gorska-na-swiecie","7":"product_cat-wszystkie","8":"product_tag-cmentarze","9":"product_tag-historia","10":"product_tag-literatura-podroznicza","11":"product_tag-literatura-turystyczna","12":"product_tag-zabytki","14":"first","15":"instock","16":"taxable","17":"shipping-taxable","18":"purchasable","19":"product-type-simple","21":"catalog-layout-default","22":"columns-xs-2"},"acf":[],"jetpack_sharing_enabled":true,"_links":{"self":[{"href":"https:\/\/stapis.com.pl\/index.php?rest_route=\/wp\/v2\/product\/411","targetHints":{"allow":["GET"]}}],"collection":[{"href":"https:\/\/stapis.com.pl\/index.php?rest_route=\/wp\/v2\/product"}],"about":[{"href":"https:\/\/stapis.com.pl\/index.php?rest_route=\/wp\/v2\/types\/product"}],"replies":[{"embeddable":true,"href":"https:\/\/stapis.com.pl\/index.php?rest_route=%2Fwp%2Fv2%2Fcomments&post=411"}],"wp:featuredmedia":[{"embeddable":true,"href":"https:\/\/stapis.com.pl\/index.php?rest_route=\/wp\/v2\/media\/504"}],"wp:attachment":[{"href":"https:\/\/stapis.com.pl\/index.php?rest_route=%2Fwp%2Fv2%2Fmedia&parent=411"}],"wp:term":[{"taxonomy":"product_brand","embeddable":true,"href":"https:\/\/stapis.com.pl\/index.php?rest_route=%2Fwp%2Fv2%2Fproduct_brand&post=411"},{"taxonomy":"product_cat","embeddable":true,"href":"https:\/\/stapis.com.pl\/index.php?rest_route=%2Fwp%2Fv2%2Fproduct_cat&post=411"},{"taxonomy":"product_tag","embeddable":true,"href":"https:\/\/stapis.com.pl\/index.php?rest_route=%2Fwp%2Fv2%2Fproduct_tag&post=411"}],"curies":[{"name":"wp","href":"https:\/\/api.w.org\/{rel}","templated":true}]}}