{"id":4155,"date":"2019-09-03T11:05:51","date_gmt":"2019-09-03T09:05:51","guid":{"rendered":"https:\/\/stapis.com.pl\/?post_type=product&#038;p=4155"},"modified":"2025-02-12T14:57:58","modified_gmt":"2025-02-12T13:57:58","slug":"zdobycie-tatr-tom-ii-lata-1904-1925-jan-kielkowski","status":"publish","type":"product","link":"https:\/\/stapis.com.pl\/?product=zdobycie-tatr-tom-ii-lata-1904-1925-jan-kielkowski","title":{"rendered":"Zdobycie Tatr. Tom II: Lata 1904-1925 &#8211; Jan Kie\u0142kowski"},"content":{"rendered":"<p>Drugi tom cyklu po\u015bwi\u0119conego historii zdobywania Tatr Jana Kie\u0142kowskiego.<\/p>\n<p><strong>OD AUTORA<\/strong><\/p>\n<p>Tom drugi <em>Zdobycia Tatr<\/em> obejmuje lata od 1904 do 1925. W pierwszej dekadzie tego okresu nast\u0105pi\u0142 niezwykle dynamiczny rozw\u00f3j taternictwa \u2013 poziom trudno\u015bci pokonywanych dr\u00f3g w Tatrach osi\u0105gn\u0105\u0142 dwa kolejne stopnie. R\u00f3wnocze\u015bnie rola przewodnika jako pierwszego na linie stawa\u0142a si\u0119 coraz mniej wa\u017cna i jej znaczenie powoli si\u0119 ko\u0144czy\u0142o. Znacz\u0105cy wp\u0142yw na te wydarzenia mieli odwiedzaj\u0105cy w tym czasie Tatry alpini\u015bci niemieccy: Simon H\u00e4berlein, ma\u0142\u017ce\u0144stwo Katherine i Maximilian Br\u00f6ske, Ernst Dubke, Alfred Martin, G\u00fcnter Dyhrenfurth i Hermann Rumpelt. Miejsce pierwszego na linie zacz\u0119li przejmowa\u0107 taternicy, kt\u00f3rzy do swoich przedsi\u0119wzi\u0119\u0107 g\u00f3rskich podchodzili coraz bardziej sportowo. W ca\u0142ym taternictwie zaczyna rozwija\u0107 si\u0119 kierunek sportowy, a najwa\u017cniejszym zadaniem taternik\u00f3w staje si\u0119 poszukiwanie i pokonywanie coraz to wi\u0119kszych trudno\u015bci technicznych. Kolejnymi celami s\u0105 nieprzyst\u0119pne tatrza\u0144skie urwiska \u2013 Mnicha, Ostrego Szczytu, Galerii Gankowej czy Zamar\u0142ej Turni.<\/p>\n<p>Taternicy z p\u00f3\u0142nocnej strony Tatr, Zygnunt Klemensiewicz, Roman Kordys, Jerzy Ma\u015blanka, Janusz Chmielowski, Aleksander Znami\u0119cki, Mariusz Zaruski, jak i taternicy w\u0119gierscy, w\u0142\u0105czyli si\u0119 do tego nowego rozwoju z niewielkim op\u00f3\u017anieniem, ale ju\u017c wkr\u00f3tce taternictwo po obydwu stronach Tatr rozwija\u0142o si\u0119 na og\u00f3\u0142 r\u00f3wnolegle.<\/p>\n<p>Niezale\u017cnie od poszukiwania trudno\u015bci intensywnie zdobywano pozosta\u0142e, jeszcze liczne, dziewicze szczyty i turnie tatrza\u0144skie. W tych latach dokonano pierwszych wej\u015b\u0107 mi\u0119dzy innymi na: Szarpane Turnie, Papirusowe Turnie, niezauwa\u017cane dot\u0105d kulminacje w Grani Baszt, Grani Hrubego, \u015awistowej Grani oraz w masywie Baranich Rog\u00f3w. Zdobyte zosta\u0142y te\u017c fantazyjne baszty i iglice Wielkiej Zb\u00f3jnickiej Turni, Aposto\u0142a I i \u017babiej Lalki. Z wybitniejszych kulminacji dokonano pierwszych wej\u015b\u0107 na Ni\u017cnie Rysy, Zachodni i Wschodni Szczyt \u017belaz- nych Wr\u00f3t, \u017babi\u0105 Turni\u0119 Mi\u0119guszowieck\u0105, Wo\u0142ow\u0105 Turni\u0105, Po\u015bredni\u0105 i Wielk\u0105 Jaworow\u0105 Turni\u0119, Wielk\u0105 Kapa\u0142kow\u0105 Turni\u0119, Zadniego Mnicha, Zadni Ko\u015bcielec i \u017babiego Mnicha, a tak\u017ce na trudno dost\u0119pne wierzcho\u0142ki Wschodniego Szczytu Wide\u0142 i \u017babiego Konia.<\/p>\n<p>Kontynuowano r\u00f3wnie\u017c systematyczn\u0105 zimow\u0105 eksploracj\u0119 tatrza\u0144skich szczyt\u00f3w i urwisk. Pierwszych zimowych wej\u015b\u0107 doczeka\u0142y si\u0119 m.in.: Starole\u015bny Szczyt, \u015awinica, Ko\u015bcielec, Baty\u017cowiecki Szczyt, Kozi Wierch, \u017b\u0142obisty Szczyt, Jastrz\u0119bia Turnia, Dwoista Turnia, Litworowy Szczyt i Wielicki Szczyt. Niestety, ten dynamiczny rozw\u00f3j taternictwa za\u0142ama\u0142 si\u0119 ca\u0142kowicie z powodu powszechnie znanych wydarze\u0144 historycznych, po kt\u00f3rych z trudem odradza\u0142 si\u0119 w nast\u0119pnych latach, zamykaj\u0105cych opisywany tutaj okres.<\/p>\n<p>Przechodz\u0105c tatrza\u0144skie drogi z tych lat, zawsze czu\u0142em si\u0119 tak, jakbym wspina\u0142 si\u0119 razem z ich tw\u00f3rcami, mimo \u017ce od poprowadzenia tych dr\u00f3g min\u0119\u0142o nieraz dobre p\u00f3\u0142 wieku.<\/p>\n<h4><\/h4>\n","protected":false},"excerpt":{"rendered":"<p>&nbsp;<\/p>\n<p>ISBN 978-83-7967-098-7<\/p>\n<p>Ilo\u015b\u0107 stron: 374<\/p>\n<p>Oprawa: twarda<\/p>\n<p>Format:\u00a0<span class=\"st\">170\u00a0x 250\u00a0mm<\/span><\/p>\n<p>Rok wydania: 2019<\/p>\n<p>Producent: Wydawnictwo Stapis Anna Pisarek, ul. Floriana 2a, 40-288 Katowice, biuro@stapis.com.pl, tel. 605 963 179<\/p>\n","protected":false},"featured_media":4156,"comment_status":"closed","ping_status":"closed","template":"","meta":{"_acf_changed":false},"product_brand":[],"product_cat":[52,576],"product_tag":[641,697,243,698,256,255],"class_list":{"0":"post-4155","1":"product","2":"type-product","3":"status-publish","4":"has-post-thumbnail","6":"product_cat-literatura-gorska-na-swiecie","7":"product_cat-wszystkie","8":"product_tag-historia-tatr","9":"product_tag-jan-kielkowski","10":"product_tag-polskie-gory","11":"product_tag-polskie-pasma","12":"product_tag-taternictwo","13":"product_tag-tatry","15":"first","16":"instock","17":"taxable","18":"shipping-taxable","19":"purchasable","20":"product-type-simple","22":"catalog-layout-default","23":"columns-xs-2"},"acf":[],"jetpack_sharing_enabled":true,"_links":{"self":[{"href":"https:\/\/stapis.com.pl\/index.php?rest_route=\/wp\/v2\/product\/4155","targetHints":{"allow":["GET"]}}],"collection":[{"href":"https:\/\/stapis.com.pl\/index.php?rest_route=\/wp\/v2\/product"}],"about":[{"href":"https:\/\/stapis.com.pl\/index.php?rest_route=\/wp\/v2\/types\/product"}],"replies":[{"embeddable":true,"href":"https:\/\/stapis.com.pl\/index.php?rest_route=%2Fwp%2Fv2%2Fcomments&post=4155"}],"wp:featuredmedia":[{"embeddable":true,"href":"https:\/\/stapis.com.pl\/index.php?rest_route=\/wp\/v2\/media\/4156"}],"wp:attachment":[{"href":"https:\/\/stapis.com.pl\/index.php?rest_route=%2Fwp%2Fv2%2Fmedia&parent=4155"}],"wp:term":[{"taxonomy":"product_brand","embeddable":true,"href":"https:\/\/stapis.com.pl\/index.php?rest_route=%2Fwp%2Fv2%2Fproduct_brand&post=4155"},{"taxonomy":"product_cat","embeddable":true,"href":"https:\/\/stapis.com.pl\/index.php?rest_route=%2Fwp%2Fv2%2Fproduct_cat&post=4155"},{"taxonomy":"product_tag","embeddable":true,"href":"https:\/\/stapis.com.pl\/index.php?rest_route=%2Fwp%2Fv2%2Fproduct_tag&post=4155"}],"curies":[{"name":"wp","href":"https:\/\/api.w.org\/{rel}","templated":true}]}}