{"id":443,"date":"2019-11-26T11:49:11","date_gmt":"2019-11-26T10:49:11","guid":{"rendered":"http:\/\/stapis.com.pl\/?post_type=product&#038;p=443"},"modified":"2025-12-23T11:14:39","modified_gmt":"2025-12-23T10:14:39","slug":"psychovertical-przestrzen-obledu-andy-kirkpatrick","status":"publish","type":"product","link":"https:\/\/stapis.com.pl\/?product=psychovertical-przestrzen-obledu-andy-kirkpatrick","title":{"rendered":"Psychovertical. Przestrze\u0144 ob\u0142\u0119du \u2013 Andy Kirkpatrick"},"content":{"rendered":"<h4>Pierwsza cz\u0119\u015b\u0107 autobiografii najbardziej szalonego i najzabawniejszego wspinacza na \u015bwiecie<\/h4>\n<p>Jej kanw\u0105 jest wariackie, samotne, jedenastodniowe przej\u015bcie Reticent Wall na El Capitanie&#8230; A przy okazji Andy barwnie opowiada o tym, jak prawie zosta\u0142 artyst\u0105,\u00a0 jak mieszka\u0142 na squacie, jak rozbi\u0142 wielkie akwarium, dlaczego d\u0142ugo uwa\u017ca\u0142 si\u0119 za p\u00f3\u0142analfabet\u0119, dlaczego Word jest niefajny, dlaczego bycie ojcem jest cudowne i koszmarne zarazem, a tak\u017ce o tym, jak rodzi\u0142a mu si\u0119 ukochana c\u00f3rka Ella. I o wielu innych rzeczach, chwilami naprawd\u0119 trudnych do poj\u0119cia&#8230; Natomiast o swoim synu i trudnych pr\u00f3bach pogodzenia wspinania z \u017cyciem rodzinnym (a tak\u017ce o tym, jak nie nale\u017cy zdobywa\u0107 Troll Wall i jak naprawd\u0119 wygl\u0105da\u0142a rzeka czekolady w filmie &#8220;Charlie i fabryka czekolady&#8221;) opowiada w <a href=\"http:\/\/stapis.com.pl\/?product=zimne-wojny-andy-kirkpatrick\">Zimnych Wojnach<\/a>, ale to ju\u017c zupe\u0142nie inna historia&#8230;<\/p>\n<h5>Ksi\u0105\u017cka ukaza\u0142a si\u0119 przy wsp\u00f3\u0142udziale Fundacji Wspierania Inicjatyw Tw\u00f3rczych i Naukowych FOSTER oraz pod patronatem Wspinanie.pl.<\/h5>\n<p>&nbsp;<\/p>\n<p><img loading=\"lazy\" decoding=\"async\" class=\"alignnone wp-image-1512\" src=\"https:\/\/www.stapis.com.pl\/wp-content\/uploads\/2017\/10\/foster.gif\" alt=\"\" width=\"64\" height=\"64\" \/> \u00a0 \u00a0 <a href=\"http:\/\/stapis.com.pl\/wp-content\/uploads\/2016\/10\/WSPINANIE.PL-na-bialym.jpg\"><img loading=\"lazy\" decoding=\"async\" class=\"alignnone wp-image-295\" src=\"http:\/\/stapis.com.pl\/wp-content\/uploads\/2016\/10\/WSPINANIE.PL-na-bialym-300x84.jpg\" alt=\"wspinanie-pl-na-bialym\" width=\"189\" height=\"53\" \/><\/a><\/p>\n<p>&nbsp;<\/p>\n<p><!--more--><\/p>\n<blockquote><p><em>Autobiografia Kirkpatricka tryska czarnym humorem. Autor pisze z wielk\u0105 elokwencj\u0105 o l\u0119kach wspinacza wykonuj\u0105cego ekstremalne rzemios\u0142o, realizuj\u0105cego szalone wyzwanie, kt\u00f3re sam na siebie na\u0142o\u017cy\u0142.<\/em><\/p>\n<p>Stephen Venables, <em>\u201c<\/em>Mail on Sunday\u201d<\/p>\n<p><em>Zawsze zajmuj\u0105cy, a cz\u0119sto zabawny, <\/em>Psychovertical <em>opowiada przede wszystkim o tym, co traci si\u0119 podczas stawania si\u0119 jednym ze \u015bwiatowej klasy wspinaczy. Fascynuj\u0105cy rzut okiem na bardzo pionowy wewn\u0119trzny \u015bwiat bohatera.<\/em><\/p>\n<p>\u201eAdventure Travel\u201d<\/p>\n<p><em>Kirkpatrick nigdy nie wstydzi si\u0119 w\u0142asnego strachu i w\u0105tpliwo\u015bci, kt\u00f3re zdaj\u0105 si\u0119 przys\u0142ania\u0107 \u00a0niemal ka\u017cdy jego ruch, a przygniataj\u0105ce logistycznie i przera\u017caj\u0105ce dla psychiki zadania, jakie na siebie nak\u0142ada, zawsze gro\u017c\u0105 mu st\u0142amszeniem. Ale jego m\u0105dro\u015b\u0107 i przesadny entuzjazm do wspinania i podr\u00f3\u017cowania w miejsca kompletnie niedost\u0119pne dla przeci\u0119tnego faceta sprawiaj\u0105, \u017ce ksi\u0105\u017cki Andy\u2019ego naprawd\u0119 dobrze si\u0119 czyta. Ten facet zdaje si\u0119 mie\u0107 niezaspokojony apetyt na wystawianie si\u0119 na niebezpiecze\u0144stwo, co czytelnikowi ch\u0119tnie moszcz\u0105cemu si\u0119 w fotelu\u00a0 przynosi tym wi\u0119ksz\u0105 satysfakcj\u0119.<\/em><\/p>\n<p>\u201eIrish Times\u201d<\/p><\/blockquote>\n","protected":false},"excerpt":{"rendered":"<p>&nbsp;<\/p>\n<p>Przek\u0142ad: Anna Go\u0142\u0119biowska<\/p>\n<p>ISBN: 978-83-7967-019-2<\/p>\n<p>Ilo\u015b\u0107 stron: 272<\/p>\n<p>Format: 161 x 234 mm<\/p>\n<p>Oprawa: mi\u0119kka ze skrzyde\u0142kami<\/p>\n<p>Rok wydania: 2016<\/p>\n<p>Producent: Wydawnictwo Stapis Anna Pisarek, ul. Floriana 2a, 40-288 Katowice, biuro@stapis.com.pl, tel. 605 963 179<\/p>\n<p><a href=\"https:\/\/www.stapis.com.pl\/?product_cat=literatura-gorska-na-swiecie\"><img loading=\"lazy\" decoding=\"async\" class=\"alignnone wp-image-293\" src=\"http:\/\/stapis.com.pl\/wp-content\/uploads\/2016\/10\/czarna_lit_gor_n_Swiecie-300x134.jpg\" alt=\"czarna_lit_gor_n_swiecie\" width=\"287\" height=\"128\" srcset=\"https:\/\/stapis.com.pl\/wp-content\/uploads\/2016\/10\/czarna_lit_gor_n_Swiecie-300x134.jpg 300w, https:\/\/stapis.com.pl\/wp-content\/uploads\/2016\/10\/czarna_lit_gor_n_Swiecie-450x200.jpg 450w, https:\/\/stapis.com.pl\/wp-content\/uploads\/2016\/10\/czarna_lit_gor_n_Swiecie-768x342.jpg 768w, https:\/\/stapis.com.pl\/wp-content\/uploads\/2016\/10\/czarna_lit_gor_n_Swiecie-1024x456.jpg 1024w\" sizes=\"auto, (max-width: 287px) 100vw, 287px\" \/><\/a><\/p>\n<p><em>W\u00a0serii\u00a0<strong>Literatura G\u00f3rska na\u00a0\u015awiecie<\/strong> prezentujemy najciekawsze, nagradzane ksi\u0105\u017cki g\u00f3rskie, alpinistyczne i wspinaczkowe, pisane przez lub po\u015bwi\u0119cone ludziom, kt\u00f3rzy oddali swoje \u017cycie g\u00f3rom i ich poznawaniu&#8230;<\/em><\/p>\n<p>&nbsp;<\/p>\n<p>&nbsp;<\/p>\n<p>&nbsp;<\/p>\n","protected":false},"featured_media":450,"comment_status":"closed","ping_status":"closed","template":"","meta":{"_acf_changed":false},"product_brand":[],"product_cat":[52,576],"product_tag":[237,776,1124,44,365,93,1125,777,38],"class_list":{"0":"post-443","1":"product","2":"type-product","3":"status-publish","4":"has-post-thumbnail","6":"product_cat-literatura-gorska-na-swiecie","7":"product_cat-wszystkie","8":"product_tag-humor","9":"product_tag-ksiazki-gorskie","10":"product_tag-ksiazki-wspinaczkowe","11":"product_tag-literatura-alpinistyczna","12":"product_tag-literatura-gorska","13":"product_tag-ludzie-gor","14":"product_tag-wspinacze","15":"product_tag-wspinaczka-lodowa","16":"product_tag-wspomnienia","18":"first","19":"instock","20":"taxable","21":"shipping-taxable","22":"purchasable","23":"product-type-simple","25":"catalog-layout-default","26":"columns-xs-2"},"acf":[],"jetpack_sharing_enabled":true,"_links":{"self":[{"href":"https:\/\/stapis.com.pl\/index.php?rest_route=\/wp\/v2\/product\/443","targetHints":{"allow":["GET"]}}],"collection":[{"href":"https:\/\/stapis.com.pl\/index.php?rest_route=\/wp\/v2\/product"}],"about":[{"href":"https:\/\/stapis.com.pl\/index.php?rest_route=\/wp\/v2\/types\/product"}],"replies":[{"embeddable":true,"href":"https:\/\/stapis.com.pl\/index.php?rest_route=%2Fwp%2Fv2%2Fcomments&post=443"}],"wp:featuredmedia":[{"embeddable":true,"href":"https:\/\/stapis.com.pl\/index.php?rest_route=\/wp\/v2\/media\/450"}],"wp:attachment":[{"href":"https:\/\/stapis.com.pl\/index.php?rest_route=%2Fwp%2Fv2%2Fmedia&parent=443"}],"wp:term":[{"taxonomy":"product_brand","embeddable":true,"href":"https:\/\/stapis.com.pl\/index.php?rest_route=%2Fwp%2Fv2%2Fproduct_brand&post=443"},{"taxonomy":"product_cat","embeddable":true,"href":"https:\/\/stapis.com.pl\/index.php?rest_route=%2Fwp%2Fv2%2Fproduct_cat&post=443"},{"taxonomy":"product_tag","embeddable":true,"href":"https:\/\/stapis.com.pl\/index.php?rest_route=%2Fwp%2Fv2%2Fproduct_tag&post=443"}],"curies":[{"name":"wp","href":"https:\/\/api.w.org\/{rel}","templated":true}]}}