{"id":467,"date":"2016-10-20T13:30:09","date_gmt":"2016-10-20T11:30:09","guid":{"rendered":"http:\/\/stapis.com.pl\/?post_type=product&#038;p=467"},"modified":"2025-05-27T09:46:24","modified_gmt":"2025-05-27T07:46:24","slug":"magisterkowalski-historia-przerwanej-milosci-agnieszka-korpal-tomek-kowalski-literatura-gorska","status":"publish","type":"product","link":"https:\/\/stapis.com.pl\/?product=magisterkowalski-historia-przerwanej-milosci-agnieszka-korpal-tomek-kowalski-literatura-gorska","title":{"rendered":"magisterkowalski.blog. Historia przerwanej mi\u0142o\u015bci \u2013 Tomek Kowalski, Agnieszka Korpal"},"content":{"rendered":"<p>To nie jest kolejna zwyk\u0142a historia o mi\u0142o\u015bci. Nie jest te\u017c opowie\u015bci\u0105 o tragedii, kt\u00f3ra j\u0105 przerwa\u0142a.<\/p>\n<p>Tomek Kowalski i Agnieszka Korpal. Dw\u00f3jka m\u0142odych, niezwyk\u0142ych ludzi, nagradzanych sportowc\u00f3w i\u00a0podr\u00f3\u017cnik\u00f3w kochaj\u0105cych \u017cycie ponad wszystko spotyka si\u0119 i zakochuje. Szale\u0144czo, na zawsze i na sto procent. Oboje wiedz\u0105, \u017ce s\u0105 dla siebie stworzeni, niemal od pierwszego przys\u0142owiowego wejrzenia. I wszystko od samego pocz\u0105tku wskazuje na to, \u017ce los mia\u0142 ich ze sob\u0105 zetkn\u0105\u0107: podj\u0119te we wczesnej m\u0142odo\u015bci decyzje, pasje, wyjazdy, miejsca, kt\u00f3re szeroko opisuj\u0105 w\u00a0ksi\u0105\u017cce. Tomek, zanim 6 marca 2013 roku zgin\u0105\u0142 podczas zej\u015bcia z Broad Peaku, po pierwszym w historii zimowym zdobyciu tego szczytu, przez kilka lat prowadzi\u0142 blog. Ten w\u0142a\u015bnie blog, przeplatany wspomnieniami Agnieszki, stanowi o\u015b pi\u0119knej, napisanej przez \u017cycie opowie\u015bci, w kt\u00f3rej niewiele jest miejsca na \u0142zy, smutek i rozgoryczenie. Rado\u015b\u0107 \u017cycia, kt\u00f3r\u0105 mia\u0142 w sobie Tomek, przenika niemal ka\u017cd\u0105 stron\u0119, dodaje energii i przywraca wiar\u0119 w to, \u017ce marzenia mog\u0105 si\u0119 spe\u0142nia\u0107.<\/p>\n<p><em>magisterkowalski.blog. Historia przerwanej mi\u0142o\u015bci<\/em> nie jest kolejn\u0105 ksi\u0105\u017ck\u0105 o Broad Peaku, lecz histori\u0105 o tym, jak pi\u0119kne mo\u017ce by\u0107 \u017cycie.<\/p>\n<p>&nbsp;<\/p>\n<p>&nbsp;<\/p>\n<p><!--more--><\/p>\n<blockquote><p>Ile jest wart ciep\u0142y prysznic po dw\u00f3ch dniach \u015bcigania si\u0119 po lesie, w b\u0142ocie i deszczu? Jak smakuj\u0105 oliwki od pana w tureckim sklepie, kt\u00f3ry kompletnie ci\u0119 nie rozumie i nie wie, dlaczego masz twarz ca\u0142\u0105 od soli z potu, ale domy\u015bla si\u0119, \u017ce jeste\u015b potwornie g\u0142odny i zm\u0119czony, wi\u0119c chce ci ul\u017cy\u0107 cho\u0107 troch\u0119? Jak wygodne jest \u0142\u00f3\u017cko w twoim domu, o kt\u00f3rym marzysz po nieprzespanej na zawodach nocy? Ile jest wart poca\u0142unek z ukochan\u0105 osob\u0105, t\u0105, kt\u00f3ra w my\u015blach dodawa\u0142a si\u0142, kiedy mia\u0142e\u015b kryzys na ostatnich kilometrach biegu? Mo\u017cesz to odkry\u0107 tylko ty sam.<\/p>\n<p style=\"text-align: right;\"><em>Agnieszka Korpal<\/em><\/p>\n<p>&nbsp;<\/p>\n<p>Wiatr. Od pocz\u0105tku do ko\u0144ca w twarz. Nawet w drodze powrotnej. Wiatr tej nocy ledwo daje mi rozbi\u0107 namiot. Wiatr przewraca kuchenk\u0119 z wrz\u0105tkiem. Wiatr wciska kurz w oczy. Wiatr pod szczytem przewiewa do szpiku. W ko\u0144cu si\u0119 do niego przyzwyczajam. (\u2026) Bujne trawy wzd\u0142u\u017c rzeki, a dooko\u0142a srogie i kolorowe ska\u0142y. S\u0105 wodospady, uciekaj\u0105ce stada <em>vicunas <\/em>(\u2026), pal\u0105ce s\u0142o\u0144ce i piasek, \u017cwir i kamienie. Przechodz\u0119 tego dnia jakie\u015b 25 kilometr\u00f3w. Zm\u0119czone stopy myj\u0119 w ciep\u0142ych (\u2026) wodach Rio Aquas Calientes. Niesamowite kontrasty. (\u2026) Ska\u0142y, \u017c\u00f3\u0142ta trawa, czarne kamienie wulkaniczne. Wprost nie mo\u017cna tego poch\u0142on\u0105\u0107.<\/p>\n<p style=\"text-align: right;\"><em>Tomek Kowalski<\/em><\/p>\n<\/blockquote>\n<p><a href=\"https:\/\/www.stapis.com.pl\/wp-content\/uploads\/2016\/10\/Argentyna_9_-Ooo-tak-XYZ-kapsel-od-Dungi.-Nie-mia\u0142em-go-se-sob\u0105-dwa-lata-temu.-Teraz-by\u0142-ze-mn\u0105-na-szczycie.jpg\"><img loading=\"lazy\" decoding=\"async\" class=\"wp-image-474 aligncenter\" src=\"https:\/\/www.stapis.com.pl\/wp-content\/uploads\/2016\/10\/Argentyna_9_-Ooo-tak-XYZ-kapsel-od-Dungi.-Nie-mia\u0142em-go-se-sob\u0105-dwa-lata-temu.-Teraz-by\u0142-ze-mn\u0105-na-szczycie-300x225.jpg\" alt=\"\" width=\"361\" height=\"271\" srcset=\"https:\/\/stapis.com.pl\/wp-content\/uploads\/2016\/10\/Argentyna_9_-Ooo-tak-XYZ-kapsel-od-Dungi.-Nie-mia\u0142em-go-se-sob\u0105-dwa-lata-temu.-Teraz-by\u0142-ze-mn\u0105-na-szczycie-300x225.jpg 300w, https:\/\/stapis.com.pl\/wp-content\/uploads\/2016\/10\/Argentyna_9_-Ooo-tak-XYZ-kapsel-od-Dungi.-Nie-mia\u0142em-go-se-sob\u0105-dwa-lata-temu.-Teraz-by\u0142-ze-mn\u0105-na-szczycie-450x338.jpg 450w, https:\/\/stapis.com.pl\/wp-content\/uploads\/2016\/10\/Argentyna_9_-Ooo-tak-XYZ-kapsel-od-Dungi.-Nie-mia\u0142em-go-se-sob\u0105-dwa-lata-temu.-Teraz-by\u0142-ze-mn\u0105-na-szczycie-768x576.jpg 768w, https:\/\/stapis.com.pl\/wp-content\/uploads\/2016\/10\/Argentyna_9_-Ooo-tak-XYZ-kapsel-od-Dungi.-Nie-mia\u0142em-go-se-sob\u0105-dwa-lata-temu.-Teraz-by\u0142-ze-mn\u0105-na-szczycie-1024x768.jpg 1024w, https:\/\/stapis.com.pl\/wp-content\/uploads\/2016\/10\/Argentyna_9_-Ooo-tak-XYZ-kapsel-od-Dungi.-Nie-mia\u0142em-go-se-sob\u0105-dwa-lata-temu.-Teraz-by\u0142-ze-mn\u0105-na-szczycie.jpg 1500w\" sizes=\"auto, (max-width: 361px) 100vw, 361px\" \/><\/a><\/p>\n","protected":false},"excerpt":{"rendered":"<p>&nbsp;<\/p>\n<ul>\n<li>ISBN: 978-83-7967-008-6<\/li>\n<li>Liczba stron: 364<\/li>\n<li>Format: 161 x 234 mm<\/li>\n<li>Oprawa: mi\u0119kka ze skrzyde\u0142kami<\/li>\n<li>Rok wydania: 2015<\/li>\n<li>Producent: Wydawnictwo Stapis Anna Pisarek, ul. Floriana 2a, 40-288 Katowice, biuro@stapis.com.pl, tel. 605 963 179<\/li>\n<\/ul>\n<p>&nbsp;<\/p>\n<p><a href=\"http:\/\/stapis.com.pl\/wp-content\/uploads\/2016\/10\/czarna_lit_gor_n_Swiecie.jpg\"><img loading=\"lazy\" decoding=\"async\" class=\"alignnone wp-image-293\" src=\"http:\/\/stapis.com.pl\/wp-content\/uploads\/2016\/10\/czarna_lit_gor_n_Swiecie-300x134.jpg\" alt=\"czarna_lit_gor_n_swiecie\" width=\"264\" height=\"118\" srcset=\"https:\/\/stapis.com.pl\/wp-content\/uploads\/2016\/10\/czarna_lit_gor_n_Swiecie-300x134.jpg 300w, https:\/\/stapis.com.pl\/wp-content\/uploads\/2016\/10\/czarna_lit_gor_n_Swiecie-450x200.jpg 450w, https:\/\/stapis.com.pl\/wp-content\/uploads\/2016\/10\/czarna_lit_gor_n_Swiecie-768x342.jpg 768w, https:\/\/stapis.com.pl\/wp-content\/uploads\/2016\/10\/czarna_lit_gor_n_Swiecie-1024x456.jpg 1024w\" sizes=\"auto, (max-width: 264px) 100vw, 264px\" \/><\/a><\/p>\n<p>&nbsp;<\/p>\n","protected":false},"featured_media":468,"comment_status":"closed","ping_status":"closed","template":"","meta":{"_acf_changed":false},"product_brand":[],"product_cat":[52,576],"product_tag":[157,95,35,46,1130,32,93,712,156,158,38],"class_list":{"0":"post-467","1":"product","2":"type-product","3":"status-publish","4":"has-post-thumbnail","6":"product_cat-literatura-gorska-na-swiecie","7":"product_cat-wszystkie","8":"product_tag-agnieszka-korpal","9":"product_tag-alpinisci","10":"product_tag-biografia","11":"product_tag-himalaizm-zimowy","12":"product_tag-ksiazka-przygodowa","13":"product_tag-literatura-turystyczna","14":"product_tag-ludzie-gor","15":"product_tag-milosc","16":"product_tag-tomek-kowalski","17":"product_tag-triathlon","18":"product_tag-wspomnienia","20":"first","21":"instock","22":"sold-individually","23":"taxable","24":"shipping-taxable","25":"purchasable","26":"product-type-simple","28":"catalog-layout-default","29":"columns-xs-2"},"acf":[],"jetpack_sharing_enabled":true,"_links":{"self":[{"href":"https:\/\/stapis.com.pl\/index.php?rest_route=\/wp\/v2\/product\/467","targetHints":{"allow":["GET"]}}],"collection":[{"href":"https:\/\/stapis.com.pl\/index.php?rest_route=\/wp\/v2\/product"}],"about":[{"href":"https:\/\/stapis.com.pl\/index.php?rest_route=\/wp\/v2\/types\/product"}],"replies":[{"embeddable":true,"href":"https:\/\/stapis.com.pl\/index.php?rest_route=%2Fwp%2Fv2%2Fcomments&post=467"}],"wp:featuredmedia":[{"embeddable":true,"href":"https:\/\/stapis.com.pl\/index.php?rest_route=\/wp\/v2\/media\/468"}],"wp:attachment":[{"href":"https:\/\/stapis.com.pl\/index.php?rest_route=%2Fwp%2Fv2%2Fmedia&parent=467"}],"wp:term":[{"taxonomy":"product_brand","embeddable":true,"href":"https:\/\/stapis.com.pl\/index.php?rest_route=%2Fwp%2Fv2%2Fproduct_brand&post=467"},{"taxonomy":"product_cat","embeddable":true,"href":"https:\/\/stapis.com.pl\/index.php?rest_route=%2Fwp%2Fv2%2Fproduct_cat&post=467"},{"taxonomy":"product_tag","embeddable":true,"href":"https:\/\/stapis.com.pl\/index.php?rest_route=%2Fwp%2Fv2%2Fproduct_tag&post=467"}],"curies":[{"name":"wp","href":"https:\/\/api.w.org\/{rel}","templated":true}]}}