{"id":508,"date":"2019-11-26T10:54:07","date_gmt":"2019-11-26T09:54:07","guid":{"rendered":"http:\/\/stapis.com.pl\/?post_type=product&#038;p=508"},"modified":"2025-02-27T12:57:19","modified_gmt":"2025-02-27T11:57:19","slug":"zimne-wojny-andy-kirkpatrick","status":"publish","type":"product","link":"https:\/\/stapis.com.pl\/?product=zimne-wojny-andy-kirkpatrick","title":{"rendered":"Zimne Wojny \u2014 Andy Kirkpatrick"},"content":{"rendered":"<h3>Ksi\u0105\u017cka dla dzieciatych wspinaczy i wszystkich os\u00f3b z dystansem do siebie i \u015bwiata&#8230;<\/h3>\n<p>&nbsp;<\/p>\n<p><em>Zimne Wojny<\/em> Andy&#8217;ego Kirkpatricka to druga cz\u0119\u015b\u0107 uhonorowanego nagrodami debiutu literackiego pod tytu\u0142em <em>Psychovertical<\/em>. W niemal kabaretowym monologu Andy realizuje marzenie, by sta\u0107 si\u0119 jednym z czo\u0142owych wspinaczy na \u015bwiecie. Stawiaj\u0105c sobie nowe, ekstremalne cele, bierze si\u0119 za najtrudniejsze w swoim dorobku wspinaczki \u2014 na wielkich \u015bcianach Alp i Patagonii \u2014 i to w \u015brodku zimy.<\/p>\n<p>Autor raczy przy tym Czytelnika historiami o tym, jak nie nale\u017cy by\u0107 ojcem i m\u0119\u017cem, jak nie nale\u017cy wspina\u0107 si\u0119 na Troll Wall samotnie, a tak\u017ce o tym, jak to jest pracowa\u0107 na planie filmu <em>Charlie i Fabryka Czekolady<\/em> i o niespecjalnie apetycznej rzece, po kt\u00f3rej p\u0142ywa\u0142 Johny Depp&#8230;<\/p>\n<p>Lektura dla hard-korowych rodzic\u00f3w-wspinaczy i ka\u017cdego, kto ma dystans do siebie i \u015bwiata, a przede wszystkich do kwestii fundamentalnych jak cho\u0107by&#8230; podstawowe, biologiczne potrzeby ludzkie zim\u0105, w \u015brodku \u015bciany, gdy pod tob\u0105 wspina si\u0119 partner&#8230;<\/p>\n<p>&nbsp;<\/p>\n<blockquote><p>Kapitalnie napisana, bole\u015bnie wnikliwa i do tego jeszcze nieprawdopodobnie lekka i wci\u0105gaj\u0105ca lektura. Bardzo ludzka i jednocze\u015bnie ol\u015bniewaj\u0105ca. (Jon Doran, Outdoorsmagic.com)<\/p><\/blockquote>\n<blockquote><p>Czasem \u015bmieszna do b\u00f3lu, a czasem niezwykle szczerza. Zacznij j\u0105 czyta\u0107 \u2013 przeczytasz do ko\u0144ca. (T.Rosie Fuller, \u201eAdventure Travel Magazine\u201d)<\/p><\/blockquote>\n<blockquote><p>Andy Kirkpatrick w swojej najlepszej pisarskiej formie. (Tom Richardson, \u201eClimb Magazine\u201d)<\/p><\/blockquote>\n<blockquote><p>Niezwyk\u0142a rzadko\u015b\u0107 \u2013 ksi\u0105\u017cka g\u00f3rska, kt\u00f3ra naprawd\u0119 co\u015b wnosi. (John Horscroft, \u201eClimber Magazine\u201d)<\/p><\/blockquote>\n<p>&nbsp;<\/p>\n<h5><strong>Ksi\u0105\u017cka ukaza\u0142a si\u0119 przy wsp\u00f3\u0142udziale Fundacji Wspierania Inicjatyw Tw\u00f3rczych i Naukowych FOSTER<\/strong><\/h5>\n<p><a href=\"http:\/\/stapis.com.pl\/wp-content\/uploads\/2016\/10\/foster.gif\"><img loading=\"lazy\" decoding=\"async\" class=\"alignnone wp-image-294\" src=\"http:\/\/stapis.com.pl\/wp-content\/uploads\/2016\/10\/foster.gif\" alt=\"foster\" width=\"99\" height=\"99\" \/><\/a><\/p>\n<p><strong>Patronat medialny<\/strong><\/p>\n<p><a href=\"http:\/\/stapis.com.pl\/wp-content\/uploads\/2016\/10\/WSPINANIE.PL-na-bialym.jpg\"><img loading=\"lazy\" decoding=\"async\" class=\"alignnone wp-image-295\" src=\"http:\/\/stapis.com.pl\/wp-content\/uploads\/2016\/10\/WSPINANIE.PL-na-bialym-300x84.jpg\" alt=\"wspinanie-pl-na-bialym\" width=\"225\" height=\"63\" \/><\/a><\/p>\n","protected":false},"excerpt":{"rendered":"<p>&nbsp;<\/p>\n<p>Przek\u0142ad: Anna Go\u0142\u0119biowska<br \/>\nISBN: 978-8361050-95-7<br \/>\nLiczba stron: 308<br \/>\nFormat: 161 x 234 mm<br \/>\nOprawa: mi\u0119kka ze skrzyde\u0142kami<br \/>\nRok wydania: 2014<\/p>\n<p>Producent: Wydawnictwo Stapis Anna Pisarek, ul. Floriana 2a, 40-288 Katowice, biuro@stapis.com.pl, tel. 605 963 179<\/p>\n<p><a href=\"http:\/\/stapis.com.pl\/wp-content\/uploads\/2016\/10\/czarna_lit_gor_n_Swiecie.jpg\"><img loading=\"lazy\" decoding=\"async\" class=\"alignnone wp-image-293\" src=\"http:\/\/stapis.com.pl\/wp-content\/uploads\/2016\/10\/czarna_lit_gor_n_Swiecie-300x134.jpg\" alt=\"czarna_lit_gor_n_swiecie\" width=\"226\" height=\"101\" srcset=\"https:\/\/stapis.com.pl\/wp-content\/uploads\/2016\/10\/czarna_lit_gor_n_Swiecie-300x134.jpg 300w, https:\/\/stapis.com.pl\/wp-content\/uploads\/2016\/10\/czarna_lit_gor_n_Swiecie-450x200.jpg 450w, https:\/\/stapis.com.pl\/wp-content\/uploads\/2016\/10\/czarna_lit_gor_n_Swiecie-768x342.jpg 768w, https:\/\/stapis.com.pl\/wp-content\/uploads\/2016\/10\/czarna_lit_gor_n_Swiecie-1024x456.jpg 1024w\" sizes=\"auto, (max-width: 226px) 100vw, 226px\" \/><\/a><\/p>\n<p><em>W\u00a0serii\u00a0<strong>Literatura G\u00f3rska na\u00a0\u015awiecie<\/strong> prezentujemy najciekawsze, nagradzane ksi\u0105\u017cki g\u00f3rskie, alpinistyczne i wspinaczkowe, pisane przez lub po\u015bwi\u0119cone ludziom, kt\u00f3rzy oddali swoje \u017cycie g\u00f3rom i ich poznawaniu&#8230;<\/em><\/p>\n","protected":false},"featured_media":507,"comment_status":"closed","ping_status":"closed","template":"","meta":{"_acf_changed":false},"product_brand":[],"product_cat":[52,576],"product_tag":[776,365,93,171,777,703],"class_list":{"0":"post-508","1":"product","2":"type-product","3":"status-publish","4":"has-post-thumbnail","6":"product_cat-literatura-gorska-na-swiecie","7":"product_cat-wszystkie","8":"product_tag-ksiazki-gorskie","9":"product_tag-literatura-gorska","10":"product_tag-ludzie-gor","11":"product_tag-wspinaczka","12":"product_tag-wspinaczka-lodowa","13":"product_tag-yosemite","15":"first","16":"instock","17":"taxable","18":"shipping-taxable","19":"purchasable","20":"product-type-simple","22":"catalog-layout-default","23":"columns-xs-2"},"acf":[],"jetpack_sharing_enabled":true,"_links":{"self":[{"href":"https:\/\/stapis.com.pl\/index.php?rest_route=\/wp\/v2\/product\/508","targetHints":{"allow":["GET"]}}],"collection":[{"href":"https:\/\/stapis.com.pl\/index.php?rest_route=\/wp\/v2\/product"}],"about":[{"href":"https:\/\/stapis.com.pl\/index.php?rest_route=\/wp\/v2\/types\/product"}],"replies":[{"embeddable":true,"href":"https:\/\/stapis.com.pl\/index.php?rest_route=%2Fwp%2Fv2%2Fcomments&post=508"}],"wp:featuredmedia":[{"embeddable":true,"href":"https:\/\/stapis.com.pl\/index.php?rest_route=\/wp\/v2\/media\/507"}],"wp:attachment":[{"href":"https:\/\/stapis.com.pl\/index.php?rest_route=%2Fwp%2Fv2%2Fmedia&parent=508"}],"wp:term":[{"taxonomy":"product_brand","embeddable":true,"href":"https:\/\/stapis.com.pl\/index.php?rest_route=%2Fwp%2Fv2%2Fproduct_brand&post=508"},{"taxonomy":"product_cat","embeddable":true,"href":"https:\/\/stapis.com.pl\/index.php?rest_route=%2Fwp%2Fv2%2Fproduct_cat&post=508"},{"taxonomy":"product_tag","embeddable":true,"href":"https:\/\/stapis.com.pl\/index.php?rest_route=%2Fwp%2Fv2%2Fproduct_tag&post=508"}],"curies":[{"name":"wp","href":"https:\/\/api.w.org\/{rel}","templated":true}]}}