{"id":538,"date":"2016-11-03T12:22:28","date_gmt":"2016-11-03T11:22:28","guid":{"rendered":"http:\/\/stapis.com.pl\/?post_type=product&#038;p=538"},"modified":"2025-02-12T15:11:02","modified_gmt":"2025-02-12T14:11:02","slug":"korona-ziemi-nie-poradnik-zdobywcy-artur-hajzer","status":"publish","type":"product","link":"https:\/\/stapis.com.pl\/?product=korona-ziemi-nie-poradnik-zdobywcy-artur-hajzer","title":{"rendered":"Korona Ziemi. Nie-poradnik zdobywcy \u2013 Artur Hajzer"},"content":{"rendered":"<h3>Bogato ilustrowana ksi\u0105\u017cka Artura Hajzera, s\u0142awnego polskiego himalaisty, po\u015bwi\u0119cona Koronie Ziemi.<\/h3>\n<p>Autor ods\u0142ania w niej kulisy g\u00f3rskiej kuchni i obala wiele mit\u00f3w wok\u00f3\u0142 najwy\u017cszych g\u00f3r 7 kontynent\u00f3w&#8230; Janusz Kurczab nazwa\u0142 t\u0119 ksi\u0105\u017ck\u0119 najlepsz\u0105 ksi\u0105\u017ck\u0105 g\u00f3rsk\u0105 ostatniej dekady.<\/p>\n<p>&nbsp;<\/p>\n<blockquote><p>Nie zdoby\u0142em Korony Ziemi i nawet nie zamierzam jej zdobywa\u0107. Dlaczego wi\u0119c napisa\u0142em t\u0119 ksi\u0105\u017ck\u0119? Kiedy nie wiadomo o co chodzi, to z regu\u0142y chodzi o pieni\u0105dze, kobiet\u0119, s\u0142aw\u0119 lub o pasj\u0119. (&#8230;) Gdy zainteresowa\u0142em si\u0119 tematem, tak bardzo zacz\u0105\u0142 on mnie fascynowa\u0107 i wci\u0105ga\u0107, \u017ce nie mog\u0142em ju\u017c przesta\u0107. Dokopa\u0142em si\u0119 do dziesi\u0105tek nowych, sensacyjnych informacji, kt\u00f3rych nie mo\u017cna ju\u017c by\u0142o tak po prostu od\u0142o\u017cy\u0107 na bok. Dosz\u0142o do tego, \u017ce \u2013 nie boj\u0119 si\u0119 tego zawyrokowa\u0107 \u2013 moja ksi\u0105\u017cka zmienia histori\u0119 alpinizmu&#8230; (fragment)<\/p>\n<p>&nbsp;<\/p><\/blockquote>\n<h4><\/h4>\n<h4>Jakie mity obala Artur Hajzer w <em>Koronie Ziemi<\/em>?<\/h4>\n<p>&nbsp;<\/p>\n<ul>\n<li>To nieprawda, \u017ce zdobyta 1939 roku Nanda Devi East jest pierwszym polskim siedmiotysi\u0119cznikiem.<\/li>\n<li>To nieprawda, \u017ce Path Morrow czy te\u017c Richard Bass byli pierwszymi zdobywcami Korony Ziemi.<\/li>\n<li>To nieprawda, \u017ce Mount Vinson jest najwy\u017cszym szczytem Antarktydy.<\/li>\n<li>To nieprawda, \u017ce Elbrus jest najwy\u017cszym szczytem Europy.<\/li>\n<\/ul>\n","protected":false},"excerpt":{"rendered":"<p>&nbsp;<\/p>\n<p>&nbsp;<\/p>\n<p>ISBN: <span dir=\"ltr\" role=\"presentation\">9788379670154<\/span><br \/>\nLiczba stron: 224<br \/>\nFormat: 161 x 234 mm<br \/>\nOk\u0142adka: mi\u0119kka ze skrzyde\u0142kami<br \/>\nRok wydania: 2015 (wydanie II poprawione)<\/p>\n<p>Producent: Wydawnictwo Stapis Anna Pisarek, ul. Floriana 2a, 40-288 Katowice, biuro@stapis.com.pl, tel. 605 963 179<\/p>\n<p>&nbsp;<\/p>\n<p><a href=\"https:\/\/www.stapis.com.pl\/?product_cat=literatura-gorska-na-swiecie\"><img loading=\"lazy\" decoding=\"async\" class=\"alignnone wp-image-293\" src=\"http:\/\/stapis.com.pl\/wp-content\/uploads\/2016\/10\/czarna_lit_gor_n_Swiecie-300x134.jpg\" alt=\"czarna_lit_gor_n_swiecie\" width=\"287\" height=\"128\" srcset=\"https:\/\/stapis.com.pl\/wp-content\/uploads\/2016\/10\/czarna_lit_gor_n_Swiecie-300x134.jpg 300w, https:\/\/stapis.com.pl\/wp-content\/uploads\/2016\/10\/czarna_lit_gor_n_Swiecie-450x200.jpg 450w, https:\/\/stapis.com.pl\/wp-content\/uploads\/2016\/10\/czarna_lit_gor_n_Swiecie-768x342.jpg 768w, https:\/\/stapis.com.pl\/wp-content\/uploads\/2016\/10\/czarna_lit_gor_n_Swiecie-1024x456.jpg 1024w\" sizes=\"auto, (max-width: 287px) 100vw, 287px\" \/><\/a><\/p>\n<p><em>W\u00a0serii\u00a0<strong>Literatura G\u00f3rska na\u00a0\u015awiecie<\/strong> prezentujemy najciekawsze, nagradzane ksi\u0105\u017cki g\u00f3rskie, alpinistyczne i wspinaczkowe, pisane przez lub po\u015bwi\u0119cone ludziom, kt\u00f3rzy oddali swoje \u017cycie g\u00f3rom i ich poznawaniu&#8230;<\/em><\/p>\n","protected":false},"featured_media":518,"comment_status":"closed","ping_status":"closed","template":"","meta":{"_acf_changed":false},"product_brand":[],"product_cat":[52,576],"product_tag":[143,79,46,1140,176,45,1141,1139,93,38],"class_list":{"0":"post-538","1":"product","2":"type-product","3":"status-publish","4":"has-post-thumbnail","6":"product_cat-literatura-gorska-na-swiecie","7":"product_cat-wszystkie","8":"product_tag-artur-hajzer","9":"product_tag-gory","10":"product_tag-himalaizm-zimowy","11":"product_tag-himalaje","12":"product_tag-historia-alpinizmu","13":"product_tag-historia-himalaizmu","14":"product_tag-karakorum","15":"product_tag-korona-ziemi","16":"product_tag-ludzie-gor","17":"product_tag-wspomnienia","19":"first","20":"instock","21":"taxable","22":"shipping-taxable","23":"purchasable","24":"product-type-simple","26":"catalog-layout-default","27":"columns-xs-2"},"acf":[],"jetpack_sharing_enabled":true,"_links":{"self":[{"href":"https:\/\/stapis.com.pl\/index.php?rest_route=\/wp\/v2\/product\/538","targetHints":{"allow":["GET"]}}],"collection":[{"href":"https:\/\/stapis.com.pl\/index.php?rest_route=\/wp\/v2\/product"}],"about":[{"href":"https:\/\/stapis.com.pl\/index.php?rest_route=\/wp\/v2\/types\/product"}],"replies":[{"embeddable":true,"href":"https:\/\/stapis.com.pl\/index.php?rest_route=%2Fwp%2Fv2%2Fcomments&post=538"}],"wp:featuredmedia":[{"embeddable":true,"href":"https:\/\/stapis.com.pl\/index.php?rest_route=\/wp\/v2\/media\/518"}],"wp:attachment":[{"href":"https:\/\/stapis.com.pl\/index.php?rest_route=%2Fwp%2Fv2%2Fmedia&parent=538"}],"wp:term":[{"taxonomy":"product_brand","embeddable":true,"href":"https:\/\/stapis.com.pl\/index.php?rest_route=%2Fwp%2Fv2%2Fproduct_brand&post=538"},{"taxonomy":"product_cat","embeddable":true,"href":"https:\/\/stapis.com.pl\/index.php?rest_route=%2Fwp%2Fv2%2Fproduct_cat&post=538"},{"taxonomy":"product_tag","embeddable":true,"href":"https:\/\/stapis.com.pl\/index.php?rest_route=%2Fwp%2Fv2%2Fproduct_tag&post=538"}],"curies":[{"name":"wp","href":"https:\/\/api.w.org\/{rel}","templated":true}]}}