{"id":631,"date":"2016-11-10T12:55:33","date_gmt":"2016-11-10T11:55:33","guid":{"rendered":"http:\/\/stapis.com.pl\/?post_type=product&#038;p=631"},"modified":"2025-02-12T15:25:59","modified_gmt":"2025-02-12T14:25:59","slug":"wega-i-wprowadzenie","status":"publish","type":"product","link":"https:\/\/stapis.com.pl\/?product=wega-i-wprowadzenie","title":{"rendered":"Wielka Encyklopedia G\u00f3r i Alpinizmu, tom I: Wprowadzenie"},"content":{"rendered":"<p>Tom wprowadzaj\u0105cy WEGI sk\u0142ada si\u0119 z 2400 hase\u0142 zawieraj\u0105cych og\u00f3lne informacje o g\u00f3rach z zakresu: geologii, \u015bwiata ro\u015blin i zwierz\u0105t, terminologii geograficznej i topograficznej oraz obejmuje ca\u0142\u0105 tematyk\u0119 zwi\u0105zan\u0105 z r\u00f3\u017cnymi formami dzia\u0142alno\u015bci uprawianej w g\u00f3rach.<\/p>\n<p>&nbsp;<\/p>\n<p>&nbsp;<\/p>\n","protected":false},"excerpt":{"rendered":"<p>&nbsp;<\/p>\n<p>UWAGA: ograniczona ilo\u015b\u0107!<\/p>\n<p>Stan: uszkodzona ok\u0142adka i\/lub obwoluta (rysy, zagi\u0119cia)<\/p>\n<p>&nbsp;<\/p>\n<p>Ilo\u015b\u0107 stron: 536<br \/>\nFormat: A5<br \/>\nOprawa: twarda + obwoluta<br \/>\nISBN: 83-88212-23-0<\/p>\n<p>Producent: Wydawnictwo Stapis Anna Pisarek, ul. Floriana 2a, 40-288 Katowice, biuro@stapis.com.pl, tel. 605 963 179<\/p>\n","protected":false},"featured_media":520,"comment_status":"closed","ping_status":"closed","template":"","meta":{"_acf_changed":false},"product_brand":[],"product_cat":[1369,53,576],"product_tag":[78,79,46,45,80],"class_list":{"0":"post-631","1":"product","2":"type-product","3":"status-publish","4":"has-post-thumbnail","6":"product_cat-promocje","7":"product_cat-wega","8":"product_cat-wszystkie","9":"product_tag-geografia","10":"product_tag-gory","11":"product_tag-himalaizm-zimowy","12":"product_tag-historia-himalaizmu","13":"product_tag-pasma","15":"first","16":"instock","17":"sale","18":"taxable","19":"shipping-taxable","20":"purchasable","21":"product-type-simple","23":"catalog-layout-default","24":"columns-xs-2"},"acf":[],"jetpack_sharing_enabled":true,"_links":{"self":[{"href":"https:\/\/stapis.com.pl\/index.php?rest_route=\/wp\/v2\/product\/631","targetHints":{"allow":["GET"]}}],"collection":[{"href":"https:\/\/stapis.com.pl\/index.php?rest_route=\/wp\/v2\/product"}],"about":[{"href":"https:\/\/stapis.com.pl\/index.php?rest_route=\/wp\/v2\/types\/product"}],"replies":[{"embeddable":true,"href":"https:\/\/stapis.com.pl\/index.php?rest_route=%2Fwp%2Fv2%2Fcomments&post=631"}],"wp:featuredmedia":[{"embeddable":true,"href":"https:\/\/stapis.com.pl\/index.php?rest_route=\/wp\/v2\/media\/520"}],"wp:attachment":[{"href":"https:\/\/stapis.com.pl\/index.php?rest_route=%2Fwp%2Fv2%2Fmedia&parent=631"}],"wp:term":[{"taxonomy":"product_brand","embeddable":true,"href":"https:\/\/stapis.com.pl\/index.php?rest_route=%2Fwp%2Fv2%2Fproduct_brand&post=631"},{"taxonomy":"product_cat","embeddable":true,"href":"https:\/\/stapis.com.pl\/index.php?rest_route=%2Fwp%2Fv2%2Fproduct_cat&post=631"},{"taxonomy":"product_tag","embeddable":true,"href":"https:\/\/stapis.com.pl\/index.php?rest_route=%2Fwp%2Fv2%2Fproduct_tag&post=631"}],"curies":[{"name":"wp","href":"https:\/\/api.w.org\/{rel}","templated":true}]}}