{"id":634,"date":"2016-11-10T13:04:31","date_gmt":"2016-11-10T12:04:31","guid":{"rendered":"http:\/\/stapis.com.pl\/?post_type=product&#038;p=634"},"modified":"2025-02-12T15:25:12","modified_gmt":"2025-02-12T14:25:12","slug":"wega-iv-gory-ameryki","status":"publish","type":"product","link":"https:\/\/stapis.com.pl\/?product=wega-iv-gory-ameryki","title":{"rendered":"Wielka Encyklopedia G\u00f3r i Alpinizmu, tom IV: G\u00f3ry Ameryki"},"content":{"rendered":"<p>Czwarty tom <em>Wielkiej encyklopedii g\u00f3r i alpinizmu<\/em> po\u015bwi\u0119cony jest g\u00f3rom Ameryki. Podobnie jak poprzednie cz\u0119\u015bci encyklopedii, jest specjalistycznym opracowaniem przeznaczonym jednak nie tylko dla alpinist\u00f3w, lecz tak\u017ce dla szerszego kr\u0119gu odbiorc\u00f3w zainteresowanych problematyk\u0105 g\u00f3rsk\u0105 i alpinistyczn\u0105. Zawiera oko\u0142o 3700 hase\u0142, 236 map (opracowanych specjalnie dla tej encyklopedii) i 598 ilustracji \u2013 czarno-bia\u0142ych w\u00a0tek\u015bcie oraz kolorowych, kt\u00f3re zamieszczono w\u00a0trzech wk\u0142adkach.<\/p>\n<p>Przedstawiono w\u00a0nim wszystkie \u0142a\u0144cuchy i\u00a0pasma g\u00f3rskie znajduj\u0105ce si\u0119 na obszarach obu Ameryk oraz wa\u017cniejsze masywy, szczyty, lodowce i doliny, z\u00a0kr\u00f3tk\u0105 geograficzn\u0105 i\u00a0topograficzn\u0105 charakterystyk\u0105 oraz zarysem eksploracji. Opisano r\u00f3wnie\u017c interesuj\u0105ce rejony ska\u0142kowe, a\u00a0tak\u017ce inne charakterystyczne obiekty g\u00f3rskie, wy\u017cynne i\u00a0skalne. Nie pomini\u0119to rzek g\u00f3rskich, park\u00f3w narodowych ani miejscowo\u015bci.<\/p>\n<p>Przy doborze hase\u0142 brano pod uwag\u0119 przede wszystkim znaczenie alpinistyczne obiekt\u00f3w g\u00f3rskich, ale tak\u017ce geograficzne, historyczne i\u00a0kulturowe. Wa\u017cnym kryterium dodatkowym by\u0142y ich zwi\u0105zki z dzia\u0142alno\u015bci\u0105 polsk\u0105. Udzia\u0142owi Polak\u00f3w w\u00a0eksploracji rejon\u00f3w g\u00f3rskich Ameryki po\u015bwi\u0119cono du\u017co uwagi i miejsca, staraj\u0105c si\u0119 odnotowa\u0107 wszystkie wa\u017cniejsze polskie dokonania w g\u00f3rach obu kontynent\u00f3w.<\/p>\n","protected":false},"excerpt":{"rendered":"<p>&nbsp;<\/p>\n<p>Stron: 848<br \/>\nFormat: A5<\/p>\n<p>Ok\u0142adka: twarda + obwoluta<br \/>\nISBN: 978-83-61050-09-4<\/p>\n<p>Producent: Wydawnictwo Stapis Anna Pisarek, ul. Floriana 2a, 40-288 Katowice, biuro@stapis.com.pl, tel. 605 963 179<\/p>\n","protected":false},"featured_media":523,"comment_status":"closed","ping_status":"closed","template":"","meta":{"_acf_changed":false},"product_brand":[],"product_cat":[53,576],"product_tag":[87,84,88,78,79,83,86,82,85],"class_list":{"0":"post-634","1":"product","2":"type-product","3":"status-publish","4":"has-post-thumbnail","6":"product_cat-wega","7":"product_cat-wszystkie","8":"product_tag-alpinizm-zimowy","9":"product_tag-ameryka","10":"product_tag-denali","11":"product_tag-geografia","12":"product_tag-gory","13":"product_tag-mapy","14":"product_tag-skaly","15":"product_tag-topografia","16":"product_tag-wspinanie","18":"first","19":"outofstock","20":"taxable","21":"shipping-taxable","22":"purchasable","23":"product-type-simple","25":"catalog-layout-default","26":"columns-xs-2"},"acf":[],"jetpack_sharing_enabled":true,"_links":{"self":[{"href":"https:\/\/stapis.com.pl\/index.php?rest_route=\/wp\/v2\/product\/634","targetHints":{"allow":["GET"]}}],"collection":[{"href":"https:\/\/stapis.com.pl\/index.php?rest_route=\/wp\/v2\/product"}],"about":[{"href":"https:\/\/stapis.com.pl\/index.php?rest_route=\/wp\/v2\/types\/product"}],"replies":[{"embeddable":true,"href":"https:\/\/stapis.com.pl\/index.php?rest_route=%2Fwp%2Fv2%2Fcomments&post=634"}],"wp:featuredmedia":[{"embeddable":true,"href":"https:\/\/stapis.com.pl\/index.php?rest_route=\/wp\/v2\/media\/523"}],"wp:attachment":[{"href":"https:\/\/stapis.com.pl\/index.php?rest_route=%2Fwp%2Fv2%2Fmedia&parent=634"}],"wp:term":[{"taxonomy":"product_brand","embeddable":true,"href":"https:\/\/stapis.com.pl\/index.php?rest_route=%2Fwp%2Fv2%2Fproduct_brand&post=634"},{"taxonomy":"product_cat","embeddable":true,"href":"https:\/\/stapis.com.pl\/index.php?rest_route=%2Fwp%2Fv2%2Fproduct_cat&post=634"},{"taxonomy":"product_tag","embeddable":true,"href":"https:\/\/stapis.com.pl\/index.php?rest_route=%2Fwp%2Fv2%2Fproduct_tag&post=634"}],"curies":[{"name":"wp","href":"https:\/\/api.w.org\/{rel}","templated":true}]}}