{"id":635,"date":"2016-11-10T13:07:11","date_gmt":"2016-11-10T12:07:11","guid":{"rendered":"http:\/\/stapis.com.pl\/?post_type=product&#038;p=635"},"modified":"2025-02-27T13:23:36","modified_gmt":"2025-02-27T12:23:36","slug":"wega-v-gory-afryki-antarktydy-australii-i-oceanii","status":"publish","type":"product","link":"https:\/\/stapis.com.pl\/?product=wega-v-gory-afryki-antarktydy-australii-i-oceanii","title":{"rendered":"Wielka Encyklopedia G\u00f3r i Alpinizmu, tom V: G\u00f3ry Afryki, Antarktydy, Australii i Oceanii"},"content":{"rendered":"<p>Pi\u0105ty tom <em>Wielkiej encyklopedii g\u00f3r i alpinizmu<\/em> (WEGA) po\u015bwi\u0119cony jest g\u00f3rom Afryki, Antarktydy, Australii i\u00a0Oceanii. Podobnie jak poprzednie cz\u0119\u015bci encyklopedii, jest specjalistycznym opracowaniem przeznaczonym jednak nie tylko dla alpinist\u00f3w, lecz tak\u017ce dla szerszego kr\u0119gu odbiorc\u00f3w zainteresowanych problematyk\u0105 g\u00f3rsk\u0105 i alpinistyczn\u0105.<\/p>\n","protected":false},"excerpt":{"rendered":"<p>&nbsp;<\/p>\n<p>Ilo\u015b\u0107 stron: 440<br \/>\nFormat: A5<br \/>\nOprawa: twarda + obwoluta<br \/>\nISBN: 978-83-61050-39-1<\/p>\n<p>Producent: Wydawnictwo Stapis Anna Pisarek, ul. Floriana 2a, 40-288 Katowice, biuro@stapis.com.pl, tel. 605 963 179<\/p>\n","protected":false},"featured_media":524,"comment_status":"closed","ping_status":"closed","template":"","meta":{"_acf_changed":false},"product_brand":[],"product_cat":[1369,53,576],"product_tag":[92,90,78,79,89,83,91,80,81,85],"class_list":{"0":"post-635","1":"product","2":"type-product","3":"status-publish","4":"has-post-thumbnail","6":"product_cat-promocje","7":"product_cat-wega","8":"product_cat-wszystkie","9":"product_tag-antarktyda","10":"product_tag-australia","11":"product_tag-geografia","12":"product_tag-gory","13":"product_tag-himalaizm","14":"product_tag-mapy","15":"product_tag-oceania","16":"product_tag-pasma","17":"product_tag-szczyty","18":"product_tag-wspinanie","20":"first","21":"instock","22":"sale","23":"taxable","24":"shipping-taxable","25":"purchasable","26":"product-type-simple","28":"catalog-layout-default","29":"columns-xs-2"},"acf":[],"jetpack_sharing_enabled":true,"_links":{"self":[{"href":"https:\/\/stapis.com.pl\/index.php?rest_route=\/wp\/v2\/product\/635","targetHints":{"allow":["GET"]}}],"collection":[{"href":"https:\/\/stapis.com.pl\/index.php?rest_route=\/wp\/v2\/product"}],"about":[{"href":"https:\/\/stapis.com.pl\/index.php?rest_route=\/wp\/v2\/types\/product"}],"replies":[{"embeddable":true,"href":"https:\/\/stapis.com.pl\/index.php?rest_route=%2Fwp%2Fv2%2Fcomments&post=635"}],"wp:featuredmedia":[{"embeddable":true,"href":"https:\/\/stapis.com.pl\/index.php?rest_route=\/wp\/v2\/media\/524"}],"wp:attachment":[{"href":"https:\/\/stapis.com.pl\/index.php?rest_route=%2Fwp%2Fv2%2Fmedia&parent=635"}],"wp:term":[{"taxonomy":"product_brand","embeddable":true,"href":"https:\/\/stapis.com.pl\/index.php?rest_route=%2Fwp%2Fv2%2Fproduct_brand&post=635"},{"taxonomy":"product_cat","embeddable":true,"href":"https:\/\/stapis.com.pl\/index.php?rest_route=%2Fwp%2Fv2%2Fproduct_cat&post=635"},{"taxonomy":"product_tag","embeddable":true,"href":"https:\/\/stapis.com.pl\/index.php?rest_route=%2Fwp%2Fv2%2Fproduct_tag&post=635"}],"curies":[{"name":"wp","href":"https:\/\/api.w.org\/{rel}","templated":true}]}}