{"id":636,"date":"2016-11-10T13:09:17","date_gmt":"2016-11-10T12:09:17","guid":{"rendered":"http:\/\/stapis.com.pl\/?post_type=product&#038;p=636"},"modified":"2025-02-12T15:24:05","modified_gmt":"2025-02-12T14:24:05","slug":"wega-vi-ludzie-gor","status":"publish","type":"product","link":"https:\/\/stapis.com.pl\/?product=wega-vi-ludzie-gor","title":{"rendered":"Wielka Encyklopedia G\u00f3r i Alpinizmu, tom VI: Ludzie g\u00f3r"},"content":{"rendered":"<p>Oddajemy w Pa\u0144stwa r\u0119ce sz\u00f3sty, przedostatni tom <em>Wielkiej encyklopedii g\u00f3r i alpinizmu<\/em>, po\u015bwi\u0119cony ludziom g\u00f3r \u2013 ich \u017cyciu, rozwojowi, osi\u0105gni\u0119ciom, tragediom i zwyci\u0119stwom. Obejmuje a\u017c 6256 biogram\u00f3w, w tym ponad 1300 dotycz\u0105cych Polak\u00f3w, a tak\u017ce 3650 ciekawych, wysokiej jako\u015bci zdj\u0119\u0107. Redakcji jak zwykle dokonali Ma\u0142gorzata i Jan Kie\u0142kowscy \u2013 znakomici specjali\u015bci w\u00a0tej dziedzinie, nestorzy polskiego alpinizmu, autorzy wielu znakomitych ksi\u0105\u017cek i opracowa\u0144. Podobnie jak poprzednie cz\u0119\u015bci encyklopedii, WEGA VI jest specjalistycznym opracowaniem przeznaczonym jednak nie tylko dla alpinist\u00f3w, lecz tak\u017ce dla szerszego kr\u0119gu odbiorc\u00f3w zainteresowanych problematyk\u0105 g\u00f3rsk\u0105.<\/p>\n","protected":false},"excerpt":{"rendered":"<h4><\/h4>\n<p>Stron: 872<br \/>\nFormat: A5<br \/>\nOprawa: twarda + obwoluta<br \/>\nRok wydania: 2013<br \/>\nISBN: 978-83-61050-89-6<\/p>\n<p>Producent: Wydawnictwo Stapis Anna Pisarek, ul. Floriana 2a, 40-288 Katowice, biuro@stapis.com.pl, tel. 605 963 179<\/p>\n","protected":false},"featured_media":525,"comment_status":"closed","ping_status":"closed","template":"","meta":{"_acf_changed":false},"product_brand":[],"product_cat":[1369,53,576],"product_tag":[95,94,89,46,93,98,97],"class_list":{"0":"post-636","1":"product","2":"type-product","3":"status-publish","4":"has-post-thumbnail","6":"product_cat-promocje","7":"product_cat-wega","8":"product_cat-wszystkie","9":"product_tag-alpinisci","10":"product_tag-himalaisci","11":"product_tag-himalaizm","12":"product_tag-himalaizm-zimowy","13":"product_tag-ludzie-gor","14":"product_tag-tragedia","15":"product_tag-wyprawa","17":"first","18":"instock","19":"sale","20":"taxable","21":"shipping-taxable","22":"purchasable","23":"product-type-simple","25":"catalog-layout-default","26":"columns-xs-2"},"acf":[],"jetpack_sharing_enabled":true,"_links":{"self":[{"href":"https:\/\/stapis.com.pl\/index.php?rest_route=\/wp\/v2\/product\/636","targetHints":{"allow":["GET"]}}],"collection":[{"href":"https:\/\/stapis.com.pl\/index.php?rest_route=\/wp\/v2\/product"}],"about":[{"href":"https:\/\/stapis.com.pl\/index.php?rest_route=\/wp\/v2\/types\/product"}],"replies":[{"embeddable":true,"href":"https:\/\/stapis.com.pl\/index.php?rest_route=%2Fwp%2Fv2%2Fcomments&post=636"}],"wp:featuredmedia":[{"embeddable":true,"href":"https:\/\/stapis.com.pl\/index.php?rest_route=\/wp\/v2\/media\/525"}],"wp:attachment":[{"href":"https:\/\/stapis.com.pl\/index.php?rest_route=%2Fwp%2Fv2%2Fmedia&parent=636"}],"wp:term":[{"taxonomy":"product_brand","embeddable":true,"href":"https:\/\/stapis.com.pl\/index.php?rest_route=%2Fwp%2Fv2%2Fproduct_brand&post=636"},{"taxonomy":"product_cat","embeddable":true,"href":"https:\/\/stapis.com.pl\/index.php?rest_route=%2Fwp%2Fv2%2Fproduct_cat&post=636"},{"taxonomy":"product_tag","embeddable":true,"href":"https:\/\/stapis.com.pl\/index.php?rest_route=%2Fwp%2Fv2%2Fproduct_tag&post=636"}],"curies":[{"name":"wp","href":"https:\/\/api.w.org\/{rel}","templated":true}]}}