{"id":651,"date":"2016-11-17T11:40:46","date_gmt":"2016-11-17T10:40:46","guid":{"rendered":"http:\/\/stapis.com.pl\/?post_type=product&#038;p=651"},"modified":"2025-02-27T13:22:42","modified_gmt":"2025-02-27T12:22:42","slug":"rozmowy-na-szczycie-ekstremalisci-w-gorach-dirk-von-nayhauss-ksiazka-wywiad","status":"publish","type":"product","link":"https:\/\/stapis.com.pl\/?product=rozmowy-na-szczycie-ekstremalisci-w-gorach-dirk-von-nayhauss-ksiazka-wywiad","title":{"rendered":"Rozmowy na szczycie. Ekstremali\u015bci w g\u00f3rach \u2013 Dirk von Nayhau\u00df"},"content":{"rendered":"<h2>Ksi\u0105\u017cka-wywiad fotografa i alpinisty Dirka von Nayhaussa<\/h2>\n<p>W dwudziestu rozmowach z najwi\u0119kszymi ekstremalistami na \u015bwiecie, legendami i gwiazdami medialnymi, kt\u00f3rych \u017cycie zosta\u0142o po\u015bwi\u0119cone g\u00f3rom i wspinaczce, autor ukaza\u0142 pe\u0142en emocji obraz ludzi o niezwyk\u0142ych, z\u0142o\u017conych osobowo\u015bciach, kt\u00f3rzy poza tym, \u017ce si\u0119 wspinaj\u0105 \u2013 kochaj\u0105, cierpi\u0105, marz\u0105, boj\u0105 si\u0119.<\/p>\n<p>W \u201eRozmowach\u201d nie ma zdj\u0119\u0107 g\u00f3r. S\u0105 za to zdj\u0119cia twarzy, r\u0105k, st\u00f3p, tors\u00f3w, cz\u0119sto zniszczone, okaleczone, lecz pi\u0119kne w swoim wyrazie. Nie ma na nich nic \u2013\u00a0\u017cadnych hak\u00f3w, lin czy emblemat\u00f3w sponsor\u00f3w \u2013 co mog\u0142oby ukry\u0107 prawdziwe \u201eja\u201d rozm\u00f3wc\u00f3w fotografa.<\/p>\n<p>W polskiej edycji znalaz\u0142y si\u0119 dodatkowe dwa wywiady, z Januszem Kurczabem (zm. 2015) oraz Piotrem \u201eSzalonym\u201d Korczakiem. Dw\u00f3ch ludzi, dwa inne spojrzenia na \u015bwiat g\u00f3r i wspinaczki, dwa r\u00f3\u017cni\u0105ce si\u0119 \u015bwiatopogl\u0105dy, cho\u0107 w wielu miejscach zaskakuj\u0105co si\u0119 uzupe\u0142niaj\u0105ce.<\/p>\n<h3>Przed obiektywem autora znale\u017ali si\u0119:<\/h3>\n<ul>\n<li>Josune Bereziartu,<\/li>\n<li>Harald Berger,<\/li>\n<li>Sir Chris Bonington,<\/li>\n<li>Steph Davis,<\/li>\n<li>Kurt Diemberger,<\/li>\n<li>Ralf Dujmovits,<\/li>\n<li>Stefan Glowacz,<\/li>\n<li>Yuji Hirayama,<\/li>\n<li>Steve House,<\/li>\n<li>Alex Huber,<\/li>\n<li>Thomas Huber,<\/li>\n<li>Gerlinde Kaltenbrunner<\/li>\n<li>Hans Kammerlander,<\/li>\n<li>David Lama,<\/li>\n<li>Reinhold Messner<\/li>\n<li>Oswald Oelz,<\/li>\n<li>Ines Papert,<\/li>\n<li>Dean Potter,<\/li>\n<li>Stephan Siegrist,<\/li>\n<li>Ueli Steck.<\/li>\n<\/ul>\n","protected":false},"excerpt":{"rendered":"<p>&nbsp;<\/p>\n<p>&nbsp;<\/p>\n<ul>\n<li>T\u0142umaczenie: Ma\u0142gorzata Kie\u0142kowska<\/li>\n<li>ISBN: 978-83-61050-35-3<\/li>\n<li>Liczba stron: 263<\/li>\n<li>Format: 155 x 235mm<\/li>\n<li>Ok\u0142adka: mi\u0119kka ze skrzyde\u0142kami<\/li>\n<li>Rok wydania: 2016<\/li>\n<li>Producent: Wydawnictwo Stapis Anna Pisarek, ul. Floriana 2a, 40-288 Katowice, biuro@stapis.com.pl, tel. 605 963 179<\/li>\n<\/ul>\n<p>&nbsp;<\/p>\n<p><a href=\"https:\/\/www.stapis.com.pl\/?product_cat=literatura-gorska-na-swiecie\"><img loading=\"lazy\" decoding=\"async\" class=\"size-medium wp-image-293 alignleft\" src=\"http:\/\/stapis.com.pl\/wp-content\/uploads\/2016\/10\/czarna_lit_gor_n_Swiecie-300x134.jpg\" alt=\"czarna_lit_gor_n_swiecie\" width=\"300\" height=\"134\" srcset=\"https:\/\/stapis.com.pl\/wp-content\/uploads\/2016\/10\/czarna_lit_gor_n_Swiecie-300x134.jpg 300w, https:\/\/stapis.com.pl\/wp-content\/uploads\/2016\/10\/czarna_lit_gor_n_Swiecie-450x200.jpg 450w, https:\/\/stapis.com.pl\/wp-content\/uploads\/2016\/10\/czarna_lit_gor_n_Swiecie-768x342.jpg 768w, https:\/\/stapis.com.pl\/wp-content\/uploads\/2016\/10\/czarna_lit_gor_n_Swiecie-1024x456.jpg 1024w\" sizes=\"auto, (max-width: 300px) 100vw, 300px\" \/><\/a><\/p>\n<p>&nbsp;<\/p>\n<p><span style=\"font-size: xx-small;\">\u00a0<\/span><\/p>\n","protected":false},"featured_media":652,"comment_status":"closed","ping_status":"closed","template":"","meta":{"_acf_changed":false},"product_brand":[],"product_cat":[52,576],"product_tag":[94,48,46,776,1129,1136,44,43,93,183,38,97,129],"class_list":{"0":"post-651","1":"product","2":"type-product","3":"status-publish","4":"has-post-thumbnail","6":"product_cat-literatura-gorska-na-swiecie","7":"product_cat-wszystkie","8":"product_tag-himalaisci","9":"product_tag-himalaistki","10":"product_tag-himalaizm-zimowy","11":"product_tag-ksiazki-gorskie","12":"product_tag-ksiazki-o-gorach","13":"product_tag-ksiazki-o-wspinaczce","14":"product_tag-literatura-alpinistyczna","15":"product_tag-literatura-gorska-na-swiecie","16":"product_tag-ludzie-gor","17":"product_tag-wspinaczka-gorska","18":"product_tag-wspomnienia","19":"product_tag-wyprawa","20":"product_tag-wywiad","22":"first","23":"instock","24":"taxable","25":"shipping-taxable","26":"purchasable","27":"product-type-simple","29":"catalog-layout-default","30":"columns-xs-2"},"acf":[],"jetpack_sharing_enabled":true,"_links":{"self":[{"href":"https:\/\/stapis.com.pl\/index.php?rest_route=\/wp\/v2\/product\/651","targetHints":{"allow":["GET"]}}],"collection":[{"href":"https:\/\/stapis.com.pl\/index.php?rest_route=\/wp\/v2\/product"}],"about":[{"href":"https:\/\/stapis.com.pl\/index.php?rest_route=\/wp\/v2\/types\/product"}],"replies":[{"embeddable":true,"href":"https:\/\/stapis.com.pl\/index.php?rest_route=%2Fwp%2Fv2%2Fcomments&post=651"}],"wp:featuredmedia":[{"embeddable":true,"href":"https:\/\/stapis.com.pl\/index.php?rest_route=\/wp\/v2\/media\/652"}],"wp:attachment":[{"href":"https:\/\/stapis.com.pl\/index.php?rest_route=%2Fwp%2Fv2%2Fmedia&parent=651"}],"wp:term":[{"taxonomy":"product_brand","embeddable":true,"href":"https:\/\/stapis.com.pl\/index.php?rest_route=%2Fwp%2Fv2%2Fproduct_brand&post=651"},{"taxonomy":"product_cat","embeddable":true,"href":"https:\/\/stapis.com.pl\/index.php?rest_route=%2Fwp%2Fv2%2Fproduct_cat&post=651"},{"taxonomy":"product_tag","embeddable":true,"href":"https:\/\/stapis.com.pl\/index.php?rest_route=%2Fwp%2Fv2%2Fproduct_tag&post=651"}],"curies":[{"name":"wp","href":"https:\/\/api.w.org\/{rel}","templated":true}]}}