{"id":744,"date":"2019-11-20T13:59:12","date_gmt":"2019-11-20T12:59:12","guid":{"rendered":"http:\/\/stapis.com.pl\/?post_type=product&#038;p=744"},"modified":"2025-02-27T13:01:28","modified_gmt":"2025-02-27T12:01:28","slug":"wielka-gra-leopold-trepper-czerwona-orkiestra-wydawnictwo-stapis","status":"publish","type":"product","link":"https:\/\/stapis.com.pl\/?product=wielka-gra-leopold-trepper-czerwona-orkiestra-wydawnictwo-stapis","title":{"rendered":"Wielka Gra \u2013 Leopold Trepper"},"content":{"rendered":"<h4>Autobiografia \u201eWielkiego Szefa\u201d, genialnego wywiadowcy, tw\u00f3rcy \u201eCzerwonej Orkiestry\u201d \u2013 najwi\u0119kszej i najpot\u0119\u017cniejszej\u00a0 siatki szpiegowskiej dzia\u0142aj\u0105cej w czasie II wojny \u015bwiatowej.<\/h4>\n<p>Czerwona Orkiestra (Die Rote Kapelle) to kryptonim siatki szpiegowskiej przekazuj\u0105cej informacje wywiadowi ZSRR, nadany przez hitlerowskie s\u0142u\u017cby wywiadowcze. Orkiestra dzia\u0142a\u0142a w czasie II wojny \u015bwiatowej na terenach Niemiec, Francji, Belgii i Holandii. Jej tw\u00f3rc\u0105 i szefem by\u0142 polski \u017byd Leopold Trepper, pseudonim Otto lub \u2013 nazwany tak przez Hitlerowc\u00f3w \u2013 Wielki Szef.<\/p>\n<p>Trepper prowadzi\u0142 dzia\u0142ania na niezwykle szerok\u0105 skal\u0119 w ca\u0142ej niemal Europie pod przykrywk\u0105 kanadyjskiego biznesmena &#8211; Adama Miklera. Zadanie to zleci\u0142 mu \u00f3wczesny szef wywiadu sowieckiego Iwan Bierzin. Organizacja siatki oparta by\u0142a na powi\u0105zanych ze sob\u0105 fikcyjnych przedsi\u0119biorstwach handlowych i w 1942 r. by\u0142a najwi\u0119ksz\u0105 tego typu formacj\u0105 na \u015bwiecie. Dysponowa\u0142a w\u00f3wczas 400 radiostacjami w Europie, a pracowa\u0142o dla niej kilka tysi\u0119cy czynnych agent\u00f3w \u2013 tak\u017ce w USA, Kanadzie i Wielkiej Brytanii.<\/p>\n<p>Po wojnie, w Moskwie Wielki Szef \u201ew nagrod\u0119\u201d za swoje zas\u0142ugi dla ZSRR na dziesi\u0119\u0107 lat trafi\u0142 do stalinowskiego wi\u0119zienia. Nigdy jednak nie \u017ca\u0142owa\u0142 po\u015bwi\u0119cenia swojej m\u0142odo\u015bci dla sprawy. Pragn\u0105\u0142, by jego \u017cycie komunisty i rewolucjonisty by\u0142o dla ludzi lekcj\u0105 \u2013 jak walczy si\u0119 o wolno\u015b\u0107.<\/p>\n<p>&nbsp;<\/p>\n<h5><strong>Patronat medialny<\/strong><\/h5>\n<p><a href=\"http:\/\/stapis.com.pl\/wp-content\/uploads\/2016\/12\/polityka.png\"><img loading=\"lazy\" decoding=\"async\" class=\" wp-image-747 alignnone\" src=\"http:\/\/stapis.com.pl\/wp-content\/uploads\/2016\/12\/polityka-300x82.png\" alt=\"polityka\" width=\"146\" height=\"40\" srcset=\"https:\/\/stapis.com.pl\/wp-content\/uploads\/2016\/12\/polityka-300x82.png 300w, https:\/\/stapis.com.pl\/wp-content\/uploads\/2016\/12\/polityka.png 429w\" sizes=\"auto, (max-width: 146px) 100vw, 146px\" \/><\/a><\/p>\n<p><a href=\"http:\/\/stapis.com.pl\/wp-content\/uploads\/2016\/12\/herb_nt.jpg\"><img loading=\"lazy\" decoding=\"async\" class=\"alignnone wp-image-746\" src=\"http:\/\/stapis.com.pl\/wp-content\/uploads\/2016\/12\/herb_nt-178x300.jpg\" alt=\"herb_nt\" width=\"76\" height=\"128\" srcset=\"https:\/\/stapis.com.pl\/wp-content\/uploads\/2016\/12\/herb_nt-178x300.jpg 178w, https:\/\/stapis.com.pl\/wp-content\/uploads\/2016\/12\/herb_nt-450x758.jpg 450w, https:\/\/stapis.com.pl\/wp-content\/uploads\/2016\/12\/herb_nt.jpg 598w\" sizes=\"auto, (max-width: 76px) 100vw, 76px\" \/><\/a><\/p>\n<p>&nbsp;<\/p>\n<p>&nbsp;<\/p>\n<h5><strong>Przeczytaj recenzj\u0119<\/strong><\/h5>\n<p><a href=\"http:\/\/www.krytykapolityczna.pl\/artykuly\/czytaj-dalej\/20121229\/wielka-gra-leopolda-treppera\"><img loading=\"lazy\" decoding=\"async\" class=\"alignnone size-full wp-image-745\" src=\"http:\/\/stapis.com.pl\/wp-content\/uploads\/2016\/12\/www.krytykapolityczna.pl_.png\" alt=\"www-krytykapolityczna-pl\" width=\"155\" height=\"82\" \/><\/a><\/p>\n<p>&nbsp;<\/p>\n<p>&nbsp;<\/p>\n","protected":false},"excerpt":{"rendered":"<p>&nbsp;<\/p>\n<p>&nbsp;<\/p>\n<p>Przek\u0142ad: Beata Bady\u0144ska-Lipowczan<br \/>\nISBN: 978-83-61050-59-9<br \/>\nIlo\u015b\u0107 stron: 376<br \/>\nFormat: <span class=\"st\">170x240mm<\/span><br \/>\nOk\u0142adka: mi\u0119kka ze skrzyde\u0142kami<br \/>\nRok wydania: 2012<\/p>\n<p>Producent: Wydawnictwo Stapis Anna Pisarek, ul. Floriana 2a, 40-288 Katowice, biuro@stapis.com.pl, tel. 605 963 179<\/p>\n","protected":false},"featured_media":740,"comment_status":"closed","ping_status":"closed","template":"","meta":{"_acf_changed":false},"product_brand":[],"product_cat":[55,1369,575,576],"product_tag":[126,128,127,130,131,129],"class_list":{"0":"post-744","1":"product","2":"type-product","3":"status-publish","4":"has-post-thumbnail","6":"product_cat-biografie-i-wspomnienia","7":"product_cat-promocje","8":"product_cat-hist-polit","9":"product_cat-wszystkie","10":"product_tag-czerwona-orkiestra","11":"product_tag-ii-wojna-swiatowa","12":"product_tag-leopold-trepper","13":"product_tag-siatka-szpiegowska","14":"product_tag-szpieg","15":"product_tag-wywiad","17":"first","18":"instock","19":"sale","20":"taxable","21":"shipping-taxable","22":"purchasable","23":"product-type-simple","25":"catalog-layout-default","26":"columns-xs-2"},"acf":[],"jetpack_sharing_enabled":true,"_links":{"self":[{"href":"https:\/\/stapis.com.pl\/index.php?rest_route=\/wp\/v2\/product\/744","targetHints":{"allow":["GET"]}}],"collection":[{"href":"https:\/\/stapis.com.pl\/index.php?rest_route=\/wp\/v2\/product"}],"about":[{"href":"https:\/\/stapis.com.pl\/index.php?rest_route=\/wp\/v2\/types\/product"}],"replies":[{"embeddable":true,"href":"https:\/\/stapis.com.pl\/index.php?rest_route=%2Fwp%2Fv2%2Fcomments&post=744"}],"wp:featuredmedia":[{"embeddable":true,"href":"https:\/\/stapis.com.pl\/index.php?rest_route=\/wp\/v2\/media\/740"}],"wp:attachment":[{"href":"https:\/\/stapis.com.pl\/index.php?rest_route=%2Fwp%2Fv2%2Fmedia&parent=744"}],"wp:term":[{"taxonomy":"product_brand","embeddable":true,"href":"https:\/\/stapis.com.pl\/index.php?rest_route=%2Fwp%2Fv2%2Fproduct_brand&post=744"},{"taxonomy":"product_cat","embeddable":true,"href":"https:\/\/stapis.com.pl\/index.php?rest_route=%2Fwp%2Fv2%2Fproduct_cat&post=744"},{"taxonomy":"product_tag","embeddable":true,"href":"https:\/\/stapis.com.pl\/index.php?rest_route=%2Fwp%2Fv2%2Fproduct_tag&post=744"}],"curies":[{"name":"wp","href":"https:\/\/api.w.org\/{rel}","templated":true}]}}